{"id":11639,"date":"2021-06-22T13:43:54","date_gmt":"2021-06-22T13:43:54","guid":{"rendered":"https:\/\/alfredopolti.wpengine.com\/pagina-iniziale\/engagements\/"},"modified":"2022-12-06T10:16:09","modified_gmt":"2022-12-06T10:16:09","slug":"valori-aziendali","status":"publish","type":"page","link":"https:\/\/alfredopolti.ch\/it\/pagina-iniziale\/valori-aziendali\/","title":{"rendered":"Valori e Filosofia"},"content":{"rendered":"    <section class=\"eoss_fullwidth_image eoss_fullwidth\" style=\"background-image: url(https:\/\/alfredopolti.ch\/wp-content\/uploads\/2021\/08\/Associazione-Sentieri-Alpini-Calanca.jpeg\">\n\n    <\/section>\n\n    \n\n\n<div style=\"height:100px\" aria-hidden=\"true\" class=\"wp-block-spacer\"><\/div>\n\n\n\n<div class=\"wp-block-columns is-layout-flex wp-container-core-columns-is-layout-9d6595d7 wp-block-columns-is-layout-flex\">\n<div class=\"wp-block-column is-layout-flow wp-block-column-is-layout-flow\">\n<section class=\"eoss_two_color_header eoss_header_left\">\n    <span class=\"eoss_two_color_header_red\">Il nostro lavoro non sposta le montagne ma desta meraviglia<\/span>\n    <span class=\"eoss_two_color_header_gray\">I nostri valori aziendali<\/span>\n<\/section>\n    \n\n\n<p>Ci adoperiamo per far s\u00ec che pi\u00f9 persone possibili possano avere accesso ad un prodotto del tutto unico e straordinario, di provenienza svizzera. Il nostro lavoro lascia un segno e ci impegniamo affinch\u00e9 le generazioni future possano ripercorrere le nostre tracce. Siamo fermamente convinti che, in virt\u00f9 della nostro filosofia e del nostro concetto di sostenibilit\u00e0, contribuiremo a tutelare anche in futuro l&#8217;arte del lavorare la pietra, che rappresenta un&#8217;importante risorsa per la nostra Regione.<\/p>\n<\/div>\n\n\n\n<div class=\"wp-block-column is-layout-flow wp-block-column-is-layout-flow\">\n<div class=\"wp-block-columns is-layout-flex wp-container-core-columns-is-layout-9d6595d7 wp-block-columns-is-layout-flex\">\n<div class=\"wp-block-column is-layout-flow wp-block-column-is-layout-flow\" style=\"flex-basis:10%\">\n<figure class=\"wp-block-image size-full\"><img decoding=\"async\" src=\"https:\/\/alfredopolti.ch\/wp-content\/uploads\/2021\/05\/Icon_Philosophie.svg\" alt=\"\" class=\"wp-image-179\"\/><\/figure>\n<\/div>\n\n\n\n<div class=\"wp-block-column is-vertically-aligned-center is-layout-flow wp-block-column-is-layout-flow\" style=\"flex-basis:90%\">\n<p><strong>Filosofia<\/strong><br>Ci\u00f2 in cui crediamo.<\/p>\n<\/div>\n<\/div>\n\n\n\n<div class=\"wp-block-columns is-layout-flex wp-container-core-columns-is-layout-9d6595d7 wp-block-columns-is-layout-flex\">\n<div class=\"wp-block-column is-layout-flow wp-block-column-is-layout-flow\" style=\"flex-basis:10%\">\n<figure class=\"wp-block-image size-full\"><img decoding=\"async\" src=\"https:\/\/alfredopolti.ch\/wp-content\/uploads\/2021\/05\/Icon_Nachhaltigkeit.svg\" alt=\"\" class=\"wp-image-178\"\/><\/figure>\n<\/div>\n\n\n\n<div class=\"wp-block-column is-vertically-aligned-center is-layout-flow wp-block-column-is-layout-flow\" style=\"flex-basis:90%\">\n<p><strong>Sostenibilit\u00e0<\/strong><br>Uno sguardo verso il futuro.<\/p>\n<\/div>\n<\/div>\n\n\n\n<div class=\"wp-block-columns is-layout-flex wp-container-core-columns-is-layout-9d6595d7 wp-block-columns-is-layout-flex\">\n<div class=\"wp-block-column is-layout-flow wp-block-column-is-layout-flow\" style=\"flex-basis:10%\">\n<figure class=\"wp-block-image size-full\"><img decoding=\"async\" src=\"https:\/\/alfredopolti.ch\/wp-content\/uploads\/2021\/05\/Icon_Regionalitaet.svg\" alt=\"\" class=\"wp-image-180\"\/><\/figure>\n<\/div>\n\n\n\n<div class=\"wp-block-column is-layout-flow wp-block-column-is-layout-flow\" style=\"flex-basis:90%\">\n<p><strong>Regionalit\u00e0<\/strong><br>Il nostro impegno verso la Regione.<\/p>\n<\/div>\n<\/div>\n\n\n\n<div class=\"wp-block-columns is-layout-flex wp-container-core-columns-is-layout-9d6595d7 wp-block-columns-is-layout-flex\">\n<div class=\"wp-block-column is-layout-flow wp-block-column-is-layout-flow\" style=\"flex-basis:10%\">\n<figure class=\"wp-block-image size-full\"><img loading=\"lazy\" decoding=\"async\" width=\"100\" height=\"100\" src=\"https:\/\/alfredopolti.ch\/wp-content\/uploads\/2021\/09\/Icon_Mitglied.png\" alt=\"\" class=\"wp-image-10874\"\/><\/figure>\n<\/div>\n\n\n\n<div class=\"wp-block-column is-layout-flow wp-block-column-is-layout-flow\" style=\"flex-basis:90%\">\n<p><strong>Appartenenza<\/strong><br>Cosa ci identifica.<\/p>\n<\/div>\n<\/div>\n<\/div>\n<\/div>\n\n\n\n<div style=\"height:100px\" aria-hidden=\"true\" class=\"wp-block-spacer\"><\/div>\n\n\n    <section class=\"eoss_engagements_list\">\n\n                <article class=\"eoss_engagements_single eoss_engagements_with_image eoss_engagements_single_appartenenza\">\n                <figure>\n                    <img decoding=\"async\" src=\"https:\/\/alfredopolti.ch\/wp-content\/uploads\/2021\/08\/bnb-ai-cav-calanca-578x329.jpeg\">\n                <\/figure>\n                            <div class=\"eoss_engagements_single_text eoss_engagements_single_details\">\n                    <h3>BNB Ai Cav Calanca<\/h3>\n                    <p>Il B&#038;B Ai Cav Calanca \u00e8 un ottimo punto di partenza per svolgere diverse attivit\u00e0 nella Valle, sia in estate che in inverno. Passato e presente si incontrano nel meraviglioso paesaggio di montagna, nella natura incontaminata e in una cornice ricca di numerosi beni culturali. Su richiesta si possono organizzare visita guidate alle cave che si trovano nelle immediate vicinanze.<\/p>\n                                            <a class=\"eoss_button eoss_button_extern\" target=\"_blank\" href=\"http:\/\/www.bnbcalanca.ch\/\"><span>BNB Ai Cav<\/span><\/a>\n                                        <\/div>\n\n        <\/article>\n                    <article class=\"eoss_engagements_single eoss_engagements_with_image eoss_engagements_single_appartenenza\">\n                <figure>\n                    <img decoding=\"async\" src=\"https:\/\/alfredopolti.ch\/wp-content\/uploads\/2021\/08\/Associazione-Sentieri-Alpini-Calanca-578x329.jpeg\">\n                <\/figure>\n                            <div class=\"eoss_engagements_single_text eoss_engagements_single_details\">\n                    <h3>Associazione Sentieri Alpini Calanca<\/h3>\n                    <p>Grazie a questa associazione, sono gi\u00e0 oltre 10&#8217;000 gli appassionati della montagna che hanno avuto modo di apprezzare le audaci traversate, i panorami mozzafiato e i rifugi di straordinaria bellezza che la Ragione offre.<\/p>\n                                            <a class=\"eoss_button eoss_button_extern\" target=\"_blank\" href=\"https:\/\/sentiero-calanca.ch\/\"><span>SENTIERO ALPINO CALANCA<\/span><\/a>\n                                        <\/div>\n\n        <\/article>\n                    <article class=\"eoss_engagements_single eoss_engagements_with_image eoss_engagements_single_appartenenza\">\n                <figure>\n                    <img decoding=\"async\" src=\"https:\/\/alfredopolti.ch\/wp-content\/uploads\/2021\/08\/stiftung-calanca-578x329.jpeg\">\n                <\/figure>\n                            <div class=\"eoss_engagements_single_text eoss_engagements_single_details\">\n                    <h3>Fondazione Calanca delle Esploratrici<\/h3>\n                    <p>Sosteniamo la Fondazione Calanca delle esploratrici, il cui obiettivo \u00e8 quello di tutelare la natura e la cultura della Val Calanca e di far conoscere la regione. \u00c8 sempre in quest\u00f4ttica che la Fondazione gestisce a Cauco un centro di formazione e di incontro, fungendo anche da intermediaria nella locazione di alloggi e di terreni dove poter campeggiare.\n<\/p>\n                                            <a class=\"eoss_button eoss_button_extern\" target=\"_blank\" href=\"https:\/\/www.calancatal.ch\/\"><span>Fondazione Calanca delle Esploratrici<\/span><\/a>\n                                        <\/div>\n\n        <\/article>\n                    <article class=\"eoss_engagements_single eoss_engagements_with_image eoss_engagements_single_appartenenza\">\n                <figure>\n                    <img decoding=\"async\" src=\"https:\/\/alfredopolti.ch\/wp-content\/uploads\/2021\/08\/32a8603e09-578x329.jpg\">\n                <\/figure>\n                            <div class=\"eoss_engagements_single_text eoss_engagements_single_details\">\n                    <h3>Archivio regionale e punto d&#8217;incontro<\/h3>\n                    <p>Sosteniamo la fondazione \u00abArchivio regionale Calanca\u00bb che gestisce a Cauco un centro di formazione e di incontro aperto al grande pubblico. Con le sue attivit\u00e0, la fondazione si impegna nel promuovere uno sviluppo economico, sociale ed ecologico della Val Calanca e un turismo sostenibile. \n<\/p>\n                                            <a class=\"eoss_button eoss_button_extern\" target=\"_blank\" href=\"http:\/\/www.archivioregionalecalanca.ch\/\"><span>Archivio regionale Calanca<\/span><\/a>\n                                        <\/div>\n\n        <\/article>\n                    <article class=\"eoss_engagements_single eoss_engagements_single_sostenibilita\">\n                            <div class=\"eoss_engagements_single_text \">\n                    <h3>Informiamo<\/h3>\n                    <p>Per favorire una maggiore sostenibilit\u00e0 dobbiamo partire dalle nostre radici. In tal senso proponiamo un programma di visite alle cave. Le visite guidate sono rivolte a gruppi o scolaresche e offrono un&#8217;occasione per ammirare da vicino gli affascinante tesori che la natura offre e per scoprire tutti i segreti della nostra splendida Valle.<\/p>\n                                    <\/div>\n\n        <\/article>\n                    <article class=\"eoss_engagements_single eoss_engagements_with_image eoss_engagements_single_regionalitat-it\">\n                <figure>\n                    <img decoding=\"async\" src=\"https:\/\/alfredopolti.ch\/wp-content\/uploads\/2021\/10\/logojkk2-578x329.jpg\">\n                <\/figure>\n                            <div class=\"eoss_engagements_single_text eoss_engagements_single_details\">\n                    <h3>Parco Val Calanca<\/h3>\n                    <p>Il Parco Val Calanca \u00e8 un progetto per far conoscere alle persone la bellezza della Val Calanca e per farle appassionare ai progetti culturali e naturali della regione. Per realizzare il pi\u00f9 piccolo parco naturale della Svizzera, \u00e8 necessaria una lunga fase preparatoria. La nostra cava \u00e8 situata al centro dell\u2019area del parco. Sosteniamo il progetto con il nostro know-how, perch\u00e9 insieme desideriamo promuovere la conoscenza dei prodotti della nostra regione, dei tesori del nostro paese e della natura.<\/p>\n                                            <a class=\"eoss_button eoss_button_extern\" target=\"_blank\" href=\"https:\/\/www.parcovalcalanca.swiss\/\"><span>Parco Val Calanca<\/span><\/a>\n                                        <\/div>\n\n        <\/article>\n                    <article class=\"eoss_engagements_single eoss_engagements_single_regionalitat-it\">\n                            <div class=\"eoss_engagements_single_text \">\n                    <h3>TESTIMONE DEL TEMPO<\/h3>\n                    <p>Lo Gneiss Calanca, affiorato oltre 65 milioni di anni fa con l\u2019orogenesi delle Alpi, \u00e8 un vero e proprio testimone della storia. In molte opere, ad esempio negli straordinari viadotti della Ferrovia retica realizzati nel Cantone dei Grigioni, la nostra pietra \u00e8 protagonista. Con il lavoro accurato e minuzioso svolto dagli scalpellini si fa tutto il possibile affinch\u00e9 tale patrimonio storico e culturale si mantenga intatto nel tempo.<\/p>\n                                    <\/div>\n\n        <\/article>\n                    <article class=\"eoss_engagements_single eoss_engagements_single_regionalitat-it\">\n                            <div class=\"eoss_engagements_single_text eoss_engagements_single_details\">\n                    <h3>SPECIALIT\u00c0 LOCALI<\/h3>\n                    <p>La Val Calanca \u00e8 una valle laterale della Val Mesolcina e si trova in una delle zone italofone del Cantone dei Grigioni. I cinque comuni della Valle, e pi\u00f9 precisamente Castaneda, Santa Maria in Calanca, Buseno, Calanca e Rossa, contano circa 800 abitanti. Oltre alla sua pietra straordinaria, la Valle offre anche diverse specialit\u00e0 apprezzate dagli amanti della buona tavola: prosciutti nostrani, carne secca, trote dall\u2019allevamento di Augio e tante altre prelibatezze.<\/p>\n                                            <a class=\"eoss_button eoss_button_extern\" target=\"_blank\" href=\"http:\/\/pescasportiva.ch\/\"><span>Piscicoltura ad Augio<\/span><\/a>\n                                        <\/div>\n\n        <\/article>\n                    <article class=\"eoss_engagements_single eoss_engagements_single_sostenibilita\">\n                            <div class=\"eoss_engagements_single_text \">\n                    <h3>LONGEVIT\u00c0<\/h3>\n                    <p>La pietra autoctona \u00e8 un materiale sostenibile. Costruire con un materiale come la pietra significa fare una scelta accurata che garantisce un prodotto durevole ed estremamente resistente agli influssi atmosferici. Inoltre, optando per un materiale a chilometro zero, si rafforza il mercato interno e si riducono le distanze dei trasporti, a beneficio del nostro clima.<\/p>\n                                    <\/div>\n\n        <\/article>\n                    <article class=\"eoss_engagements_single eoss_engagements_single_sostenibilita\">\n                            <div class=\"eoss_engagements_single_text \">\n                    <h3>Bilancio Ecologico<\/h3>\n                    <p>Un manufatto in pietra, che ha il privilegio di mantenere per lungo tempo la stessa ubicazione, in termini di ecobilancio regge egregiamente il confronto con il legno e il cemento, poich\u00e9 per la sua realizzazione non sono necessari trattamenti termici. Ci\u00f2 che pi\u00f9 richiede energia \u00e8 il trasporto, ma con una buona pianificazione logistica \u00e8 possibile limitare i consumi.\nSiamo inoltre certificati dalla fondazione Natura &#038; Economia, che promuove la progettazione e la cura naturalistica degli spazi aziendali.<\/p>\n                                    <\/div>\n\n        <\/article>\n                    <article class=\"eoss_engagements_single eoss_engagements_single_sostenibilita\">\n                            <div class=\"eoss_engagements_single_text \">\n                    <h3>Contro lo sfruttamento<\/h3>\n                    <p>Possiamo agire insieme, mettere in moto le cose e promuovere il cambiamento. Proprio per questo \u00e8 vivamente raccomandabile prediligere dei prodotti di cui si conosce la provenienza. Questo \u00e8 il solo modo per poter escludere il rischio che a monte vi siano cattive condizioni di lavoro oppure che per la realizzazione di un manufatto ci si sia avvalsi del lavoro minorile.<\/p>\n                                    <\/div>\n\n        <\/article>\n                    <article class=\"eoss_engagements_single eoss_engagements_single_filosofia\">\n                            <div class=\"eoss_engagements_single_text \">\n                    <h3>Idee nate dallo scambio reciproco<\/h3>\n                    <p>Da agosto 2020 abbiamo installato un radar, fornitoci dalla Scuola universitaria professionale di Lugano (SUPSI). Lo strumento registra tutti i movimenti che si verificano all\u2019interno della cava e fornisce importanti valori di misurazione aggiuntivi che possono essere utilizzati dagli studenti per le loro ricerche.<\/p>\n                                    <\/div>\n\n        <\/article>\n                    <article class=\"eoss_engagements_single eoss_engagements_single_filosofia\">\n                            <div class=\"eoss_engagements_single_text eoss_engagements_single_details\">\n                    <h3>L\u2019unione fa la forza<\/h3>\n                    <p>Promuoviamo la collaborazione tra le autorit\u00e0, siamo membri attivi dell\u2019Associazione svizzera della pietra naturale e di Pro Naturstein e, quando si tratta di scegliere i nostri fornitori, prediligiamo le imprese locali.<\/p>\n                                            <a class=\"eoss_button eoss_button_extern\" target=\"_blank\" href=\"https:\/\/pronaturstein.ch\/\"><span>Pro Naturstein<\/span><\/a>\n                                        <\/div>\n\n        <\/article>\n                    <article class=\"eoss_engagements_single eoss_engagements_with_image eoss_engagements_single_filosofia\">\n                <figure>\n                    <img decoding=\"async\" src=\"https:\/\/alfredopolti.ch\/wp-content\/uploads\/2021\/08\/Steinbruch_20-2-114-578x329.jpg\">\n                <\/figure>\n                            <div class=\"eoss_engagements_single_text eoss_engagements_single_details\">\n                    <h3>La sicurezza, innanzitutto<\/h3>\n                    <p>Per rilevare tempestivamente eventuali cambiamenti del terreno, impieghiamo gi\u00e0 da diversi anni un sistema di sensori, e dal 2000 collaboriamo altres\u00ec con un geologo. \nDobbiamo garantire sempre la totale sicurezza, sia nel lavoro quotidiano sia nelle operazioni pi\u00f9 delicate, come i brillamenti. Tutti i fattori che giocano un ruolo di rilievo vengono messi sul tavolo e valutati a fondo. <\/p>\n                                            <a class=\"eoss_button eoss_button_extern\" target=\"_blank\" href=\"https:\/\/www.sicherheits-charta.ch\/home\/\"><span>Charta<\/span><\/a>\n                                        <\/div>\n\n        <\/article>\n                    <article class=\"eoss_engagements_single eoss_engagements_single_filosofia\">\n                            <div class=\"eoss_engagements_single_text \">\n                    <h3>Il valore della tradizione<\/h3>\n                    <p>La nostra famiglia estrae lo Gneiss Calanca sin dal lontano 1920. Attualmente la Alfredo Polti SA \u00e8 gestita dalla terza generazione. Nel 1960 l\u2019intera lavorazione si \u00e8 spostata da Grono, dove si trovavano i laboratori, ad Arvigo. Questo per agevolare il lavoro e fare in modo che il materiale grezzo potesse essere pi\u00f9 facilmente trasportato dalla cava ai moderni laboratori aziendali, in vista della successiva lavorazione.<\/p>\n                                    <\/div>\n\n        <\/article>\n            <\/section>\n    \n\n\n<div style=\"height:100px\" aria-hidden=\"true\" class=\"wp-block-spacer\"><\/div>\n\n\n\n<div class=\"wp-block-columns is-layout-flex wp-container-core-columns-is-layout-9d6595d7 wp-block-columns-is-layout-flex\">\n<div class=\"wp-block-column is-layout-flow wp-block-column-is-layout-flow\" style=\"flex-basis:25%\"><\/div>\n\n\n\n<div class=\"wp-block-column is-layout-flow wp-block-column-is-layout-flow\" style=\"flex-basis:25%\"><\/div>\n\n\n\n<div class=\"wp-block-column is-layout-flow wp-block-column-is-layout-flow\" style=\"flex-basis:25%\"><\/div>\n\n\n\n<div class=\"wp-block-column is-layout-flow wp-block-column-is-layout-flow\" style=\"flex-basis:25%\"><\/div>\n<\/div>\n\n\n\n<div class=\"wp-block-columns is-layout-flex wp-container-core-columns-is-layout-9d6595d7 wp-block-columns-is-layout-flex\">\n<div class=\"wp-block-column is-layout-flow wp-block-column-is-layout-flow\" style=\"flex-basis:25%\"><\/div>\n\n\n\n<div class=\"wp-block-column is-layout-flow wp-block-column-is-layout-flow\" style=\"flex-basis:25%\"><\/div>\n\n\n\n<div class=\"wp-block-column is-layout-flow wp-block-column-is-layout-flow\" style=\"flex-basis:25%\"><\/div>\n\n\n\n<div class=\"wp-block-column is-layout-flow wp-block-column-is-layout-flow\" style=\"flex-basis:25%\"><\/div>\n<\/div>\n\n\n\n<div class=\"wp-block-columns is-layout-flex wp-container-core-columns-is-layout-9d6595d7 wp-block-columns-is-layout-flex\">\n<div class=\"wp-block-column is-layout-flow wp-block-column-is-layout-flow\" style=\"flex-basis:25%\"><\/div>\n\n\n\n<div class=\"wp-block-column is-layout-flow wp-block-column-is-layout-flow\" style=\"flex-basis:25%\"><\/div>\n\n\n\n<div class=\"wp-block-column is-layout-flow wp-block-column-is-layout-flow\" style=\"flex-basis:25%\"><\/div>\n\n\n\n<div class=\"wp-block-column is-layout-flow wp-block-column-is-layout-flow\" style=\"flex-basis:25%\"><\/div>\n<\/div>\n\n\n\n<div style=\"height:100px\" aria-hidden=\"true\" class=\"wp-block-spacer\"><\/div>\n","protected":false},"excerpt":{"rendered":"<p>Ci adoperiamo per far s\u00ec che pi\u00f9 persone possibili possano avere accesso ad un prodotto del tutto unico e straordinario, di provenienza svizzera. Il nostro lavoro lascia un segno e ci impegniamo affinch\u00e9 le generazioni future possano ripercorrere le nostre tracce. Siamo fermamente convinti che, in virt\u00f9 della nostro filosofia e del nostro concetto di [&hellip;]<\/p>\n","protected":false},"author":1,"featured_media":0,"parent":510,"menu_order":5,"comment_status":"closed","ping_status":"closed","template":"","meta":{"_acf_changed":false,"footnotes":""},"class_list":["post-11639","page","type-page","status-publish","hentry"],"acf":[],"_links":{"self":[{"href":"https:\/\/alfredopolti.ch\/it\/wp-json\/wp\/v2\/pages\/11639","targetHints":{"allow":["GET"]}}],"collection":[{"href":"https:\/\/alfredopolti.ch\/it\/wp-json\/wp\/v2\/pages"}],"about":[{"href":"https:\/\/alfredopolti.ch\/it\/wp-json\/wp\/v2\/types\/page"}],"author":[{"embeddable":true,"href":"https:\/\/alfredopolti.ch\/it\/wp-json\/wp\/v2\/users\/1"}],"replies":[{"embeddable":true,"href":"https:\/\/alfredopolti.ch\/it\/wp-json\/wp\/v2\/comments?post=11639"}],"version-history":[{"count":1,"href":"https:\/\/alfredopolti.ch\/it\/wp-json\/wp\/v2\/pages\/11639\/revisions"}],"predecessor-version":[{"id":16607,"href":"https:\/\/alfredopolti.ch\/it\/wp-json\/wp\/v2\/pages\/11639\/revisions\/16607"}],"up":[{"embeddable":true,"href":"https:\/\/alfredopolti.ch\/it\/wp-json\/wp\/v2\/pages\/510"}],"wp:attachment":[{"href":"https:\/\/alfredopolti.ch\/it\/wp-json\/wp\/v2\/media?parent=11639"}],"curies":[{"name":"wp","href":"https:\/\/api.w.org\/{rel}","templated":true}]}}