{"id":11657,"date":"2021-05-31T15:19:57","date_gmt":"2021-05-31T15:19:57","guid":{"rendered":"https:\/\/alfredopolti.wpengine.com\/pagina-iniziale\/referenzen\/"},"modified":"2022-12-06T08:53:09","modified_gmt":"2022-12-06T08:53:09","slug":"referenze","status":"publish","type":"page","link":"https:\/\/alfredopolti.ch\/it\/pagina-iniziale\/referenze\/","title":{"rendered":"Referenze"},"content":{"rendered":"    <section class=\"eoss_fullwidth_image eoss_fullwidth\" style=\"background-image: url(https:\/\/alfredopolti.ch\/wp-content\/uploads\/2021\/09\/Passerella-032.jpg\">\n\n    <\/section>\n\n    \n\n\n<div style=\"height:100px\" aria-hidden=\"true\" class=\"wp-block-spacer\"><\/div>\n\n\n\n<section class=\"eoss_two_color_header eoss_header_left\">\n    <span class=\"eoss_two_color_header_red\">Sulle tracce dello Gneiss Calanca<\/span>\n    <span class=\"eoss_two_color_header_gray\">Referenze<\/span>\n<\/section>\n    \n\n\n<div style=\"height:50px\" aria-hidden=\"true\" class=\"wp-block-spacer\"><\/div>\n\n\n    <section class=\"eoss_references eoss_contentwidth eoss_filter_container\">\n\n            <nav class=\"eoss_columns eoss_filter eoss_references_filter\">\n            <ul>\n            <li key=\"arredamenti-interni\"><span>Arredamenti interni<\/span><\/li>\n            <li key=\"facciate-e-tetti\"><span>Facciate e tetti<\/span><\/li>\n            <li key=\"giardinaggio\"><span>Giardinaggio<\/span><\/li>\n            <li key=\"pavimenti-e-scale\"><span>Pavimenti e scale<\/span><\/li>\n    <\/ul>        <\/nav>\n                <article class=\"eoss_single_reference eoss_single_filter_object\" key=\"facciate-e-tetti\">\n            <section class=\"eoss_single_reference_text\">\n                <h3>BNB AI CAV CALANCA, Arvigo (GR) \/ <span class=\"eoss_references_location\">Arvigo<\/span><\/h3>\n                <p>I tetti in piode hanno una tradizione secolare nelle valli a sud delle Alpi e la Val Calanca non fa eccezione. Grazie alle sue propriet\u00e0 uniche e soprattutto alla sua longevit\u00e0, questo prodotto \u00e8 ancora molto richiesto nella nostra regione.<\/p>\n                <a class=\"eoss_reference_readmore\" href=\"https:\/\/alfredopolti.ch\/it\/referenzen\/bnb-ai-cav-calanca-2\/\">leggere<\/a>\n            <\/section>\n            <div class=\"eoss_reference_image\" style=\"background-image: url('https:\/\/alfredopolti.ch\/wp-content\/uploads\/2021\/10\/15_NeuesDach-scaled.jpg');\"><\/div>\n\n        <\/article>\n                <article class=\"eoss_single_reference eoss_single_filter_object\" key=\"pavimenti-e-scale\">\n            <section class=\"eoss_single_reference_text\">\n                <h3>Monastero di Einsiedeln (SZ) \/ <span class=\"eoss_references_location\">Einsiedeln<\/span><\/h3>\n                <p>Dank seiner technischen, strukturellen und \u00e4sthetischen Eigenschaften ist der Calanca Gneis heute ein beliebtes Material, um historischen Bauwerken, wie z. B. dem Kloster Einsiedeln, angemessene Geltung zu verschaffen.<\/p>\n                <a class=\"eoss_reference_readmore\" href=\"https:\/\/alfredopolti.ch\/it\/referenzen\/monastero-einsiedeln\/\">leggere<\/a>\n            <\/section>\n            <div class=\"eoss_reference_image\" style=\"background-image: url('https:\/\/alfredopolti.ch\/wp-content\/uploads\/2021\/09\/ens.pol30.jpg');\"><\/div>\n\n        <\/article>\n                <article class=\"eoss_single_reference eoss_single_filter_object\" key=\"arredamenti-interni facciate-e-tetti pavimenti-e-scale\">\n            <section class=\"eoss_single_reference_text\">\n                <h3>STABILE &#8220;In Cava&#8221;, Grono (GR) \/ <span class=\"eoss_references_location\">Grono<\/span><\/h3>\n                <p>Lo stabile &#8220;in cava&#8221; \u00e8 un edificio\u00a0 che fa risplendere la bellezza del nostro materiale su ogni superficie: facciate esterne, pavimentazione interna ed altro ancora.<\/p>\n                <a class=\"eoss_reference_readmore\" href=\"https:\/\/alfredopolti.ch\/it\/referenzen\/stabile-in-cava\/\">leggere<\/a>\n            <\/section>\n            <div class=\"eoss_reference_image\" style=\"background-image: url('https:\/\/alfredopolti.ch\/wp-content\/uploads\/2021\/10\/4470_1800_1200_1b278b7145.jpeg');\"><\/div>\n\n        <\/article>\n                <article class=\"eoss_single_reference eoss_single_filter_object\" key=\"pavimenti-e-scale\">\n            <section class=\"eoss_single_reference_text\">\n                <h3>Nuova passerella &#8211; Stazione FFS, Bellinzona (TI) \/ <span class=\"eoss_references_location\">Bellinzona<\/span><\/h3>\n                <p>In collaborazione con l\u2019azienda Gehri Rivestimenti SA di Porza, abbiamo eseguito i lavori per la nuova passerella della stazione FFS di Bellinzona.<\/p>\n                <a class=\"eoss_reference_readmore\" href=\"https:\/\/alfredopolti.ch\/it\/referenzen\/nuova-passerella-ffs\/\">leggere<\/a>\n            <\/section>\n            <div class=\"eoss_reference_image\" style=\"background-image: url('https:\/\/alfredopolti.ch\/wp-content\/uploads\/2021\/09\/Passerella-004.jpg');\"><\/div>\n\n        <\/article>\n                <article class=\"eoss_single_reference eoss_single_filter_object\" key=\"arredamenti-interni pavimenti-e-scale\">\n            <section class=\"eoss_single_reference_text\">\n                <h3>Radisson Blu, Andermatt (UR) \/ <span class=\"eoss_references_location\">Andermatt<\/span><\/h3>\n                <p>Per la hall dell\u2019hotel Radisson Blu di Andermatt \u00e8 stato scelto lo Gneiss Calanca con superficie sabbiata per le sue propriet\u00e0 antisdrucciolo. La combinazione dello Gneiss Calanca con il legno ne ha esaltato il carattere forte conferitogli dalle pronunciate venature e colorazioni. Il materiale \u00e8 stato utilizzato anche come rivestimento verticale nei bagni, in alcune nicchie e pareti del ristorante e negli ascensori.<\/p>\n                <a class=\"eoss_reference_readmore\" href=\"https:\/\/alfredopolti.ch\/it\/referenzen\/radisson-blu\/\">leggere<\/a>\n            <\/section>\n            <div class=\"eoss_reference_image\" style=\"background-image: url('https:\/\/alfredopolti.ch\/wp-content\/uploads\/2021\/06\/PNS-Alfredo-Polti-Radison-Blu-Andermatt-3089-PD-WEB.jpg');\"><\/div>\n\n        <\/article>\n                <article class=\"eoss_single_reference eoss_single_filter_object\" key=\"arredamenti-interni pavimenti-e-scale\">\n            <section class=\"eoss_single_reference_text\">\n                <h3>Residenza Opera Mater Christi, Grono (GR) \/ <span class=\"eoss_references_location\">Grono<\/span><\/h3>\n                <p>Per quest\u2019opera, l\u2019architetto ha voluto utilizzare un materiale con sfumature molto forti. Sembra infatti che gli anziani percepiscano meglio la profondit\u00e0 quando le superfici presentano colori diversi e strutture forti. Per questo motivo, la scelta \u00e8 caduta sul nostro Calanca \u00abMaculato\u00bb con superficie finemente levigata.<\/p>\n                <a class=\"eoss_reference_readmore\" href=\"https:\/\/alfredopolti.ch\/it\/referenzen\/opera-mater-christi\/\">leggere<\/a>\n            <\/section>\n            <div class=\"eoss_reference_image\" style=\"background-image: url('https:\/\/alfredopolti.ch\/wp-content\/uploads\/2021\/09\/080.jpg');\"><\/div>\n\n        <\/article>\n                <article class=\"eoss_single_reference eoss_single_filter_object\" key=\"arredamenti-interni pavimenti-e-scale\">\n            <section class=\"eoss_single_reference_text\">\n                <h3>Abitazione privata &#8211; grigioni \/ <span class=\"eoss_references_location\">Grigioni<\/span><\/h3>\n                <p>Chi dice che le superfici a spacco naturale e rotte non possono essere impiegate nei locali interni? Grazie all\u2019intraprendenza e alla lungimiranza del committente, \u00e8 stato possibile superare i soliti clich\u00e9 e realizzare un ambiente da favola utilizzando la pietra naturale per i pavimenti e anche per la vasca da bagno.<\/p>\n                <a class=\"eoss_reference_readmore\" href=\"https:\/\/alfredopolti.ch\/it\/referenzen\/abitazione-privata-gr\/\">leggere<\/a>\n            <\/section>\n            <div class=\"eoss_reference_image\" style=\"background-image: url('https:\/\/alfredopolti.ch\/wp-content\/uploads\/2021\/09\/Guarda-012-1.jpg');\"><\/div>\n\n        <\/article>\n                <article class=\"eoss_single_reference eoss_single_filter_object\" key=\"giardinaggio pavimenti-e-scale\">\n            <section class=\"eoss_single_reference_text\">\n                <h3>Abitazione privata, W\u00e4ngi (TG) \/ <span class=\"eoss_references_location\"> Thurgau<\/span><\/h3>\n                <p>Se per abbellire il vostro giardino utilizzate il nostro Gneiss, questo \u00e8 uno dei risultati che potete ottenere. Muratura e pavimentazione esterna, assieme ad\u00a0 una\u00a0 fontana greggia\u00a0 ricavata da un trovante \u00e8 una combinazione molto elegante che\u00a0 porta un tocco rustico alla vostra\u00a0 dimora.<\/p>\n                <a class=\"eoss_reference_readmore\" href=\"https:\/\/alfredopolti.ch\/it\/referenzen\/privathaus-waengi\/\">leggere<\/a>\n            <\/section>\n            <div class=\"eoss_reference_image\" style=\"background-image: url('https:\/\/alfredopolti.ch\/wp-content\/uploads\/2021\/10\/5038_1800_1200_4ec10cd0e8.jpeg');\"><\/div>\n\n        <\/article>\n                <article class=\"eoss_single_reference eoss_single_filter_object\" key=\"giardinaggio pavimenti-e-scale\">\n            <section class=\"eoss_single_reference_text\">\n                <h3>Abitazione privata, Niederuzwil (SG) \/ <span class=\"eoss_references_location\">Wil (SG)<\/span><\/h3>\n                <p>Per questo cliente abbiamo dovuto superare noi stessi e, in collaborazione con l\u2019azienda Egli Gr\u00fcn AG di Sirnach, abbiamo verificato la fattibilit\u00e0 di una piscina in roccia monolitica di 350\u00a0cm di lunghezza, 260\u00a0cm di larghezza e 95\u00a0cm di spessore, con seduta integrata e getti idromassaggio.<\/p>\n                <a class=\"eoss_reference_readmore\" href=\"https:\/\/alfredopolti.ch\/it\/referenzen\/casa-privata-niederuzwil\/\">leggere<\/a>\n            <\/section>\n            <div class=\"eoss_reference_image\" style=\"background-image: url('https:\/\/alfredopolti.ch\/wp-content\/uploads\/2021\/10\/ap_privathaus_niederuzwil_001.jpg');\"><\/div>\n\n        <\/article>\n                <article class=\"eoss_single_reference eoss_single_filter_object\" key=\"giardinaggio pavimenti-e-scale\">\n            <section class=\"eoss_single_reference_text\">\n                <h3>Abitazione privata, Pf\u00e4ffikon (ZH) \/ <span class=\"eoss_references_location\">Pf\u00e4ffikon ZH Oberland<\/span><\/h3>\n                <p>Una combinazione di diverse lavorazioni (greggio spiodata, granigliata) e diversi articoli che mettono in risalto\u00a0 la versatilit\u00e0 del nostro materiale sia nella struttura sia nella colorazione.<\/p>\n                <a class=\"eoss_reference_readmore\" href=\"https:\/\/alfredopolti.ch\/it\/referenzen\/casa-privata-pfaeffikon\/\">leggere<\/a>\n            <\/section>\n            <div class=\"eoss_reference_image\" style=\"background-image: url('https:\/\/alfredopolti.ch\/wp-content\/uploads\/2021\/10\/5061_1800_1200_864ad0b170.jpeg');\"><\/div>\n\n        <\/article>\n                <article class=\"eoss_single_reference eoss_single_filter_object\" key=\"giardinaggio pavimenti-e-scale\">\n            <section class=\"eoss_single_reference_text\">\n                <h3>Abitazione privata, M\u00f6rschwil (SG) \/ <span class=\"eoss_references_location\">St. Gallen<\/span><\/h3>\n                <p>Lastre bordo piscina e\u00a0 ripiani per cucine esterni con finiture greggio spiodate? Con il Gneiss Calanca tutto \u00e8 possibile.<\/p>\n                <a class=\"eoss_reference_readmore\" href=\"https:\/\/alfredopolti.ch\/it\/referenzen\/casa-privata-moerschwil\/\">leggere<\/a>\n            <\/section>\n            <div class=\"eoss_reference_image\" style=\"background-image: url('https:\/\/alfredopolti.ch\/wp-content\/uploads\/2021\/10\/5085_1800_1200_05da94fa20.jpeg');\"><\/div>\n\n        <\/article>\n                <article class=\"eoss_single_reference eoss_single_filter_object\" key=\"giardinaggio pavimenti-e-scale\">\n            <section class=\"eoss_single_reference_text\">\n                <h3>Abitazione privata, Rorschacherberg (SG) \/ <span class=\"eoss_references_location\">Regione del lago di Costanza<\/span><\/h3>\n                <p>Le superfici sabbiate conferiscono un tocco pi\u00f9 moderno agli spazi di questo giardino. Le lastre di grandi dimensioni, realizzate su misura, donano eleganza e unicit\u00e0 all\u2019ambiente. Grazie alle sue propriet\u00e0, lo Gneiss Calanca \u00e8 ideale per locali adibiti a uso servizi.<\/p>\n                <a class=\"eoss_reference_readmore\" href=\"https:\/\/alfredopolti.ch\/it\/referenzen\/abitazione-privata-rorschacherberg\/\">leggere<\/a>\n            <\/section>\n            <div class=\"eoss_reference_image\" style=\"background-image: url('https:\/\/alfredopolti.ch\/wp-content\/uploads\/2021\/10\/privathaus_rberg_ap_021-1.jpg');\"><\/div>\n\n        <\/article>\n            <\/section>\n","protected":false},"excerpt":{"rendered":"","protected":false},"author":1,"featured_media":0,"parent":510,"menu_order":11,"comment_status":"closed","ping_status":"closed","template":"","meta":{"_acf_changed":false,"footnotes":""},"class_list":["post-11657","page","type-page","status-publish","hentry"],"acf":[],"_links":{"self":[{"href":"https:\/\/alfredopolti.ch\/it\/wp-json\/wp\/v2\/pages\/11657","targetHints":{"allow":["GET"]}}],"collection":[{"href":"https:\/\/alfredopolti.ch\/it\/wp-json\/wp\/v2\/pages"}],"about":[{"href":"https:\/\/alfredopolti.ch\/it\/wp-json\/wp\/v2\/types\/page"}],"author":[{"embeddable":true,"href":"https:\/\/alfredopolti.ch\/it\/wp-json\/wp\/v2\/users\/1"}],"replies":[{"embeddable":true,"href":"https:\/\/alfredopolti.ch\/it\/wp-json\/wp\/v2\/comments?post=11657"}],"version-history":[{"count":0,"href":"https:\/\/alfredopolti.ch\/it\/wp-json\/wp\/v2\/pages\/11657\/revisions"}],"up":[{"embeddable":true,"href":"https:\/\/alfredopolti.ch\/it\/wp-json\/wp\/v2\/pages\/510"}],"wp:attachment":[{"href":"https:\/\/alfredopolti.ch\/it\/wp-json\/wp\/v2\/media?parent=11657"}],"curies":[{"name":"wp","href":"https:\/\/api.w.org\/{rel}","templated":true}]}}