{"id":11747,"date":"2021-10-28T15:19:40","date_gmt":"2021-10-28T15:19:40","guid":{"rendered":"https:\/\/alfredopolti.wpengine.com\/?page_id=11747"},"modified":"2022-12-14T08:06:24","modified_gmt":"2022-12-14T08:06:24","slug":"utilizzo","status":"publish","type":"page","link":"https:\/\/alfredopolti.ch\/it\/pagina-iniziale\/utilizzo\/","title":{"rendered":"CAMPI DI APPLICAZIONE GNEISS CALANCA"},"content":{"rendered":"    <section class=\"eoss_fullwidth_image eoss_fullwidth\" style=\"background-image: url(https:\/\/alfredopolti.ch\/wp-content\/uploads\/2021\/12\/4343_1800_1200_5d21a62d4c.jpeg\">\n\n    <\/section>\n\n    \n\n\n<div style=\"height:50px\" aria-hidden=\"true\" class=\"wp-block-spacer\"><\/div>\n\n\n\n<div class=\"wp-block-columns is-layout-flex wp-container-core-columns-is-layout-9d6595d7 wp-block-columns-is-layout-flex\">\n<div class=\"wp-block-column is-layout-flow wp-block-column-is-layout-flow\">\n<section class=\"eoss_two_color_header eoss_header_left\">\n    <span class=\"eoss_two_color_header_red\">La natura in tutte le sue pi\u00f9 belle sfaccettature<\/span>\n    <span class=\"eoss_two_color_header_gray\">Campi di applicazione Gneiss Calanca<\/span>\n<\/section>\n    \n\n\n<p>Resistente, naturale e durevole: forte di queste tre peculiarit\u00e0, la nostra pietra \u00e8 un materiale da costruzione ideale. Pu\u00f2 essere lavorata ed \u00e8 resistente al gelo, pertanto \u00e8 utilizzabile in modo flessibile, sia negli spazi interni, sia negli spazi esterni. Optare per un prodotto locale \u00e8 una scelta intelligente anche sotto il profilo ecologico, permette infatti di consolidare il mercato interno e di ridurre al minimo i tragitti di trasporto che hanno un impatto negativo sull\u2019ambiente. Che si tratti di lastre per pavimenti, di rivestimenti per cucine o di elementi di design per bagni o piscine, lo Gneiss Calanca rivela tutta la sua versatilit\u00e0.<\/p>\n<\/div>\n\n\n\n<div class=\"wp-block-column is-layout-flow wp-block-column-is-layout-flow\"><\/div>\n<\/div>\n\n\n\n<div style=\"height:100px\" aria-hidden=\"true\" class=\"wp-block-spacer\"><\/div>\n\n\n    <section class=\"eoss_usecases eoss_contentwidth\">\n                    <nav class=\"eoss_columns eoss_filter eoss_usecases_filter\">\n                <ul>\n            <li key=\"costruzione-giardini\"><span>Costruzione giardini<\/span><\/li>\n            <li key=\"facciate-e-tetti\"><span>Facciate e tetti<\/span><\/li>\n            <li key=\"interni\"><span>Interni<\/span><\/li>\n            <li key=\"pavimenti-e-scale\"><span>Pavimenti e scale<\/span><\/li>\n    <\/ul>            <\/nav>\n            \n        <article class=\"eoss_usecase_grid eoss_filter_container\">\n        \n                <a class=\"eoss_single_usecase eoss_single_filter_object\" key=\"facciate-e-tetti\" href=\"https:\/\/alfredopolti.ch\/it\/anwendungsbereich\/tetti\/\" style=\"background-image: url('https:\/\/alfredopolti.ch\/wp-content\/uploads\/2021\/10\/15-017@p.jpg');\">\n                    <h3>Tetti<\/h3>\n                    <span>pi\u00f9 informazioni<\/span>\n                <\/a>\n\n            \n                <a class=\"eoss_single_usecase eoss_single_filter_object\" key=\"facciate-e-tetti\" href=\"https:\/\/alfredopolti.ch\/it\/anwendungsbereich\/facciate\/\" style=\"background-image: url('https:\/\/alfredopolti.ch\/wp-content\/uploads\/2021\/08\/fassaden_07-092@p.jpg');\">\n                    <h3>Facciate<\/h3>\n                    <span>pi\u00f9 informazioni<\/span>\n                <\/a>\n\n            \n                <a class=\"eoss_single_usecase eoss_single_filter_object\" key=\"facciate-e-tetti\" href=\"https:\/\/alfredopolti.ch\/it\/anwendungsbereich\/fensterbaenke-und-schwellen\/\" style=\"background-image: url('https:\/\/alfredopolti.ch\/wp-content\/uploads\/2021\/08\/fensterbaenke_06-022.jpg');\">\n                    <h3>Davanzali e soglie<\/h3>\n                    <span>pi\u00f9 informazioni<\/span>\n                <\/a>\n\n            \n                <a class=\"eoss_single_usecase eoss_single_filter_object\" key=\"pavimenti-e-scale\" href=\"https:\/\/alfredopolti.ch\/it\/anwendungsbereich\/innenboden\/\" style=\"background-image: url('https:\/\/alfredopolti.ch\/wp-content\/uploads\/2021\/08\/innenboeden_04B-075.jpg');\">\n                    <h3>Pavimenti interni<\/h3>\n                    <span>pi\u00f9 informazioni<\/span>\n                <\/a>\n\n            \n                <a class=\"eoss_single_usecase eoss_single_filter_object\" key=\"pavimenti-e-scale\" href=\"https:\/\/alfredopolti.ch\/it\/anwendungsbereich\/aussenboden\/\" style=\"background-image: url('https:\/\/alfredopolti.ch\/wp-content\/uploads\/2021\/08\/gehwege_04A-3-148-scaled.jpg');\">\n                    <h3>Pavimentazioni esterne<\/h3>\n                    <span>pi\u00f9 informazioni<\/span>\n                <\/a>\n\n            \n                <a class=\"eoss_single_usecase eoss_single_filter_object\" key=\"pavimenti-e-scale\" href=\"https:\/\/alfredopolti.ch\/it\/anwendungsbereich\/treppen\/\" style=\"background-image: url('https:\/\/alfredopolti.ch\/wp-content\/uploads\/2021\/08\/aussen-treppen_05A-122.jpg');\">\n                    <h3>Scale<\/h3>\n                    <span>pi\u00f9 informazioni<\/span>\n                <\/a>\n\n            \n                <a class=\"eoss_single_usecase eoss_single_filter_object\" key=\"costruzione-giardini\" href=\"https:\/\/alfredopolti.ch\/it\/anwendungsbereich\/mauerwerk\/\" style=\"background-image: url('https:\/\/alfredopolti.ch\/wp-content\/uploads\/2021\/08\/mauern_09A-109@p.jpg');\">\n                    <h3>Muratura<\/h3>\n                    <span>pi\u00f9 informazioni<\/span>\n                <\/a>\n\n            \n                <a class=\"eoss_single_usecase eoss_single_filter_object\" key=\"costruzione-giardini\" href=\"https:\/\/alfredopolti.ch\/it\/anwendungsbereich\/pools-und-teiche\/\" style=\"background-image: url('https:\/\/alfredopolti.ch\/wp-content\/uploads\/2021\/08\/pools_13B-066.jpg');\">\n                    <h3>Piscine e specchi d\u2019acqua<\/h3>\n                    <span>pi\u00f9 informazioni<\/span>\n                <\/a>\n\n            \n                <a class=\"eoss_single_usecase eoss_single_filter_object\" key=\"costruzione-giardini\" href=\"https:\/\/alfredopolti.ch\/it\/anwendungsbereich\/palisaden-und-sichtschutz\/\" style=\"background-image: url('https:\/\/alfredopolti.ch\/wp-content\/uploads\/2021\/08\/sichtschutz_08B-017.jpg');\">\n                    <h3>Palizzate e frangivista<\/h3>\n                    <span>pi\u00f9 informazioni<\/span>\n                <\/a>\n\n            \n                <a class=\"eoss_single_usecase eoss_single_filter_object\" key=\"costruzione-giardini\" href=\"https:\/\/alfredopolti.ch\/it\/anwendungsbereich\/brunnen\/\" style=\"background-image: url('https:\/\/alfredopolti.ch\/wp-content\/uploads\/2021\/08\/brunnen_12-036-1.jpg');\">\n                    <h3>Fontane<\/h3>\n                    <span>pi\u00f9 informazioni<\/span>\n                <\/a>\n\n            \n                <a class=\"eoss_single_usecase eoss_single_filter_object\" key=\"costruzione-giardini\" href=\"https:\/\/alfredopolti.ch\/it\/anwendungsbereich\/tischanlagen\/\" style=\"background-image: url('https:\/\/alfredopolti.ch\/wp-content\/uploads\/2021\/08\/Tische-und-Stu\u0308hle_11-030@p.jpg');\">\n                    <h3>Tavoli e sedute<\/h3>\n                    <span>pi\u00f9 informazioni<\/span>\n                <\/a>\n\n            \n                <a class=\"eoss_single_usecase eoss_single_filter_object\" key=\"costruzione-giardini\" href=\"https:\/\/alfredopolti.ch\/it\/anwendungsbereich\/pergola\/\" style=\"background-image: url('https:\/\/alfredopolti.ch\/wp-content\/uploads\/2021\/08\/pergola_10-001.jpg');\">\n                    <h3>Pergolati<\/h3>\n                    <span>pi\u00f9 informazioni<\/span>\n                <\/a>\n\n            \n                <a class=\"eoss_single_usecase eoss_single_filter_object\" key=\"interni\" href=\"https:\/\/alfredopolti.ch\/it\/anwendungsbereich\/kuechen\/\" style=\"background-image: url('https:\/\/alfredopolti.ch\/wp-content\/uploads\/2021\/08\/kuechen_01-009@p-1.jpg');\">\n                    <h3>Cucine<\/h3>\n                    <span>pi\u00f9 informazioni<\/span>\n                <\/a>\n\n            \n                <a class=\"eoss_single_usecase eoss_single_filter_object\" key=\"interni\" href=\"https:\/\/alfredopolti.ch\/it\/anwendungsbereich\/baeder-und-duschen\/\" style=\"background-image: url('https:\/\/alfredopolti.ch\/wp-content\/uploads\/2021\/08\/baeder_03-016@p.jpg');\">\n                    <h3>Bagni e docce<\/h3>\n                    <span>pi\u00f9 informazioni<\/span>\n                <\/a>\n\n            \n                <a class=\"eoss_single_usecase eoss_single_filter_object\" key=\"interni\" href=\"https:\/\/alfredopolti.ch\/it\/anwendungsbereich\/cheminees\/\" style=\"background-image: url('https:\/\/alfredopolti.ch\/wp-content\/uploads\/2021\/08\/kamine_02-015@p.jpg');\">\n                    <h3>Camini<\/h3>\n                    <span>pi\u00f9 informazioni<\/span>\n                <\/a>\n\n            \n                <a class=\"eoss_single_usecase eoss_single_filter_object\" key=\"costruzione-giardini facciate-e-tetti interni pavimenti-e-scale\" href=\"https:\/\/alfredopolti.ch\/it\/anwendungsbereich\/spezialanfertigungen\/\" style=\"background-image: url('https:\/\/alfredopolti.ch\/wp-content\/uploads\/2021\/08\/besonderes_15-032.jpg');\">\n                    <h3>Realizzazioni speciali<\/h3>\n                    <span>pi\u00f9 informazioni<\/span>\n                <\/a>\n\n                    <\/article>\n    <\/section>\n    \n\n\n<div style=\"height:100px\" aria-hidden=\"true\" class=\"wp-block-spacer\"><\/div>\n\n\n\n<p><\/p>\n","protected":false},"excerpt":{"rendered":"<p>Resistente, naturale e durevole: forte di queste tre peculiarit\u00e0, la nostra pietra \u00e8 un materiale da costruzione ideale. Pu\u00f2 essere lavorata ed \u00e8 resistente al gelo, pertanto \u00e8 utilizzabile in modo flessibile, sia negli spazi interni, sia negli spazi esterni. Optare per un prodotto locale \u00e8 una scelta intelligente anche sotto il profilo ecologico, permette [&hellip;]<\/p>\n","protected":false},"author":1,"featured_media":0,"parent":510,"menu_order":6,"comment_status":"closed","ping_status":"closed","template":"","meta":{"_acf_changed":false,"footnotes":""},"class_list":["post-11747","page","type-page","status-publish","hentry"],"acf":[],"_links":{"self":[{"href":"https:\/\/alfredopolti.ch\/it\/wp-json\/wp\/v2\/pages\/11747","targetHints":{"allow":["GET"]}}],"collection":[{"href":"https:\/\/alfredopolti.ch\/it\/wp-json\/wp\/v2\/pages"}],"about":[{"href":"https:\/\/alfredopolti.ch\/it\/wp-json\/wp\/v2\/types\/page"}],"author":[{"embeddable":true,"href":"https:\/\/alfredopolti.ch\/it\/wp-json\/wp\/v2\/users\/1"}],"replies":[{"embeddable":true,"href":"https:\/\/alfredopolti.ch\/it\/wp-json\/wp\/v2\/comments?post=11747"}],"version-history":[{"count":0,"href":"https:\/\/alfredopolti.ch\/it\/wp-json\/wp\/v2\/pages\/11747\/revisions"}],"up":[{"embeddable":true,"href":"https:\/\/alfredopolti.ch\/it\/wp-json\/wp\/v2\/pages\/510"}],"wp:attachment":[{"href":"https:\/\/alfredopolti.ch\/it\/wp-json\/wp\/v2\/media?parent=11747"}],"curies":[{"name":"wp","href":"https:\/\/api.w.org\/{rel}","templated":true}]}}