{"id":11789,"date":"2022-11-08T09:05:00","date_gmt":"2022-11-08T09:05:00","guid":{"rendered":"https:\/\/alfredopolti.wpengine.com\/pagina-iniziale\/uber-uns\/"},"modified":"2026-03-17T09:00:56","modified_gmt":"2026-03-17T09:00:56","slug":"chi-siamo","status":"publish","type":"page","link":"https:\/\/alfredopolti.ch\/it\/pagina-iniziale\/chi-siamo\/","title":{"rendered":"Chi siamo"},"content":{"rendered":"    <section class=\"eoss_fullwidth_image eoss_fullwidth\" style=\"background-image: url(https:\/\/alfredopolti.ch\/wp-content\/uploads\/2021\/09\/PoltiGiovanni_direzione-7_web-1.jpg\">\n\n    <\/section>\n\n    \n\n\n<div style=\"height:100px\" aria-hidden=\"true\" class=\"wp-block-spacer\"><\/div>\n\n\n\n<div class=\"wp-block-columns is-layout-flex wp-container-core-columns-is-layout-9d6595d7 wp-block-columns-is-layout-flex\">\n<div class=\"wp-block-column is-layout-flow wp-block-column-is-layout-flow\">\n<section class=\"eoss_two_color_header eoss_header_left\">\n    <span class=\"eoss_two_color_header_red\">Il nostro \u00e8 un mestiere antico, ma le tecniche che impieghiamo sono frutto del progresso<\/span>\n    <span class=\"eoss_two_color_header_gray\">Alfredo Polti SA<\/span>\n<\/section>\n    <\/div>\n\n\n\n<div class=\"wp-block-column is-layout-flow wp-block-column-is-layout-flow\"><\/div>\n<\/div>\n\n\n\n<div class=\"wp-block-columns is-layout-flex wp-container-core-columns-is-layout-9d6595d7 wp-block-columns-is-layout-flex\">\n<div class=\"wp-block-column is-layout-flow wp-block-column-is-layout-flow\">\n<p>L\u2019impresa Alfredo Polti SA \u00e8 una tipica azienda di famiglia, cos\u00ec come nella Svizzera italiana se ne trovano spesso in questo settore. Il segreto del nostro successo \u00e8 custodito nelle solide basi su cui poggia l\u2019azienda. Da oltre un secolo viviamo da vicino la tradizione dell\u2019artigianato della Val Calanca, ma con una filosofia moderna e impiegando tecniche all\u2019avanguardia.<br><br>Puntiamo sulla continuit\u00e0. E ci\u00f2 si rende manifesto nella qualit\u00e0 costante del prodotto che forniamo e nella storia della nostra azienda. La collaborazione di lunga data che lega i componenti della nostra squadra crea e infonde fiducia. Forti della nostra esperienza e del nostro solido bagaglio di conoscenze, trasmettiamo alla clientela un ventaglio di valori, offrendo nel contempo un servizio affidabile e personalizzato.<\/p>\n<\/div>\n\n\n\n<div class=\"wp-block-column is-layout-flow wp-block-column-is-layout-flow\">\n<p><strong>Scalpello, pietra, carta<br><\/strong>Un successo che dura nel tempo non \u00e8 mai frutto del caso, ma di scelte compiute con consapevolezza. Ecco il motivo per cui poniamo al centro delle nostre attivit\u00e0 l\u2019uso rispettoso e consapevole delle risorse e la creazione di prodotti realizzati con estrema cura. Per mantenere un equilibrio tra la domanda e l\u2019offerta, pianifichiamo sempre il nostro lavoro basandoci sulla quantit\u00e0 e la qualit\u00e0 del materiale estratto<br><br>Puntiamo sulla sostenibilit\u00e0 per offrire al cliente un prodotto svizzero del tutto unico nel suo genere. La certificazione ISO garantisce questo nostro impegno. La formazione continua e un&#8217;infrastruttura moderna sono due capisaldi che ci permettono di mantenerci competitivi, dando lustro e risalto all&#8217;immagine della pietra naturale.<\/p>\n<\/div>\n<\/div>\n\n\n\n<div style=\"height:100px\" aria-hidden=\"true\" class=\"wp-block-spacer\"><\/div>\n\n\n\n    <section class=\"eoss_team eoss_contentwidth\">\n            <div class=\"eoss_team_image\">\n            <img decoding=\"async\" src=\"https:\/\/alfredopolti.ch\/wp-content\/uploads\/2021\/12\/Vania-Web-712x920.jpg\">\n            <div class=\"eoss_team_infobox\">\n            <span class= \"eoss_team_name\">Vania Polti Ambrosini &#8211; Titolare\/Direzione Amministrativa<\/span>\n                            <span class= \"eoss_team_email\"><a href=\"mailto:vania.polti@alfredopolti.ch\">vania.polti@alfredopolti.ch<\/a><\/span>\n                                        <span class= \"eoss_team_phone\"><a href=\"tel:+41 91 827 46 06\">+41 91 827 46 06<\/a><\/span>\n                        <\/div>\n        <\/div>\n\n                <div class=\"eoss_team_image\">\n            <img decoding=\"async\" src=\"https:\/\/alfredopolti.ch\/wp-content\/uploads\/2021\/10\/PoltiGiovanni2-scaled.jpg\">\n            <div class=\"eoss_team_infobox\">\n            <span class= \"eoss_team_name\">Giovanni Polti &#8211; Titolare\/Direzione Tecnica<\/span>\n                            <span class= \"eoss_team_email\"><a href=\"mailto:giovanni.polti@alfredopolti.ch\">giovanni.polti@alfredopolti.ch<\/a><\/span>\n                                        <span class= \"eoss_team_phone\"><a href=\"tel:+41 91 827 24 42\">+41 91 827 24 42<\/a><\/span>\n                        <\/div>\n        <\/div>\n\n                <div class=\"eoss_team_image\">\n            <img decoding=\"async\" src=\"https:\/\/alfredopolti.ch\/wp-content\/uploads\/2021\/10\/BanfiRoberto.jpg\">\n            <div class=\"eoss_team_infobox\">\n            <span class= \"eoss_team_name\">Roberto Banfi &#8211; Tecnico<\/span>\n                            <span class= \"eoss_team_email\"><a href=\"mailto:tecnico@alfredopolti.swiss\">tecnico@alfredopolti.swiss<\/a><\/span>\n                                        <span class= \"eoss_team_phone\"><a href=\"tel:+41 91 827 24 42\">+41 91 827 24 42<\/a><\/span>\n                        <\/div>\n        <\/div>\n\n                <div class=\"eoss_team_image\">\n            <img decoding=\"async\" src=\"https:\/\/alfredopolti.ch\/wp-content\/uploads\/2022\/04\/PoltiAnnuska-712x920.jpg\">\n            <div class=\"eoss_team_infobox\">\n            <span class= \"eoss_team_name\">Annuska Polti &#8211; Impiegata amministrativa<\/span>\n                            <span class= \"eoss_team_email\"><a href=\"mailto:amm@alfredopolti.ch\">amm@alfredopolti.ch<\/a><\/span>\n                                        <span class= \"eoss_team_phone\"><a href=\"tel:+41 91 827 46 06\">+41 91 827 46 06<\/a><\/span>\n                        <\/div>\n        <\/div>\n\n                <div class=\"eoss_team_image\">\n            <img decoding=\"async\" src=\"https:\/\/alfredopolti.ch\/wp-content\/uploads\/2021\/10\/SantinatoAndrea.jpg\">\n            <div class=\"eoss_team_infobox\">\n            <span class= \"eoss_team_name\">Andrea Santinato &#8211; Rensponsabile Cava<\/span>\n                                        <\/div>\n        <\/div>\n\n                <div class=\"eoss_team_image\">\n            <img decoding=\"async\" src=\"https:\/\/alfredopolti.ch\/wp-content\/uploads\/2021\/10\/GonzalezMartin.jpg\">\n            <div class=\"eoss_team_infobox\">\n            <span class= \"eoss_team_name\">Martin Rodriguez &#8211; Responsabile produzione<\/span>\n                                        <\/div>\n        <\/div>\n\n                <div class=\"eoss_team_image\">\n            <img decoding=\"async\" src=\"https:\/\/alfredopolti.ch\/wp-content\/uploads\/2025\/04\/Alfredo_Polti_20.03.25_54-e1744176396218-674x920.jpg\">\n            <div class=\"eoss_team_infobox\">\n            <span class= \"eoss_team_name\">Massimiliano Polti &#8211; Vendita<\/span>\n                            <span class= \"eoss_team_email\"><a href=\"mailto:vendita@alfredopolti.ch\">vendita@alfredopolti.ch<\/a><\/span>\n                                        <span class= \"eoss_team_phone\"><a href=\"tel:+41 91 827 24 42\">+41 91 827 24 42<\/a><\/span>\n                        <\/div>\n        <\/div>\n\n            <\/section>\n    \n\n\n<div style=\"height:100px\" aria-hidden=\"true\" class=\"wp-block-spacer\"><\/div>\n\n\n\n    <section class=\"eoss_team eoss_contentwidth\">\n            <div class=\"eoss_team_image\">\n            <img decoding=\"async\" src=\"https:\/\/alfredopolti.ch\/wp-content\/uploads\/2025\/11\/\u00aeCorradoGriggiCavePolti-3-712x920.jpg\">\n            <div class=\"eoss_team_infobox\">\n            <span class= \"eoss_team_name\">Alan Gria<\/span>\n                                        <\/div>\n        <\/div>\n\n                <div class=\"eoss_team_image\">\n            <img decoding=\"async\" src=\"https:\/\/alfredopolti.ch\/wp-content\/uploads\/2021\/10\/FilosiAldo.jpg\">\n            <div class=\"eoss_team_infobox\">\n            <span class= \"eoss_team_name\">Aldo Filosi<\/span>\n                                        <\/div>\n        <\/div>\n\n                <div class=\"eoss_team_image\">\n            <img decoding=\"async\" src=\"https:\/\/alfredopolti.ch\/wp-content\/uploads\/2021\/10\/FobelliAlessandro.jpg\">\n            <div class=\"eoss_team_infobox\">\n            <span class= \"eoss_team_name\">Alessandro Fobelli<\/span>\n                                        <\/div>\n        <\/div>\n\n                <div class=\"eoss_team_image\">\n            <img decoding=\"async\" src=\"https:\/\/alfredopolti.ch\/wp-content\/uploads\/2021\/10\/FranciolliAlex-1-scaled.jpg\">\n            <div class=\"eoss_team_infobox\">\n            <span class= \"eoss_team_name\">Alex Franciolli <\/span>\n                                        <\/div>\n        <\/div>\n\n                <div class=\"eoss_team_image\">\n            <img decoding=\"async\" src=\"https:\/\/alfredopolti.ch\/wp-content\/uploads\/2021\/10\/GinestroniAntonio.jpg\">\n            <div class=\"eoss_team_infobox\">\n            <span class= \"eoss_team_name\">Antonio Ginestroni<\/span>\n                                        <\/div>\n        <\/div>\n\n                <div class=\"eoss_team_image\">\n            <img decoding=\"async\" src=\"https:\/\/alfredopolti.ch\/wp-content\/uploads\/2021\/10\/ChanCasimiro.jpg\">\n            <div class=\"eoss_team_infobox\">\n            <span class= \"eoss_team_name\">Casimiro Chan <\/span>\n                                        <\/div>\n        <\/div>\n\n                <div class=\"eoss_team_image\">\n            <img decoding=\"async\" src=\"https:\/\/alfredopolti.ch\/wp-content\/uploads\/2025\/04\/Alfredo_Polti_20.03.25_41-712x920.jpg\">\n            <div class=\"eoss_team_infobox\">\n            <span class= \"eoss_team_name\">Christian Adcock<\/span>\n                                        <\/div>\n        <\/div>\n\n                <div class=\"eoss_team_image\">\n            <img decoding=\"async\" src=\"https:\/\/alfredopolti.ch\/wp-content\/uploads\/2022\/04\/RamalhoDiogo-712x920.jpg\">\n            <div class=\"eoss_team_infobox\">\n            <span class= \"eoss_team_name\">Diogo Ramalho<\/span>\n                                        <\/div>\n        <\/div>\n\n                <div class=\"eoss_team_image\">\n            <img decoding=\"async\" src=\"https:\/\/alfredopolti.ch\/wp-content\/uploads\/2026\/03\/DSC9940\u00aeCorradogriggiPH-712x920.jpg\">\n            <div class=\"eoss_team_infobox\">\n            <span class= \"eoss_team_name\">Enea Minazzi<\/span>\n                                        <\/div>\n        <\/div>\n\n                <div class=\"eoss_team_image\">\n            <img decoding=\"async\" src=\"https:\/\/alfredopolti.ch\/wp-content\/uploads\/2021\/10\/MargaroliEugenio.jpg\">\n            <div class=\"eoss_team_infobox\">\n            <span class= \"eoss_team_name\">Eugenio Margaroli<\/span>\n                                        <\/div>\n        <\/div>\n\n                <div class=\"eoss_team_image\">\n            <img decoding=\"async\" src=\"https:\/\/alfredopolti.ch\/wp-content\/uploads\/2021\/10\/CorreiaHugo-1-scaled.jpg\">\n            <div class=\"eoss_team_infobox\">\n            <span class= \"eoss_team_name\">Hugo Correia<\/span>\n                                        <\/div>\n        <\/div>\n\n                <div class=\"eoss_team_image\">\n            <img decoding=\"async\" src=\"https:\/\/alfredopolti.ch\/wp-content\/uploads\/2021\/10\/Camin\u0303aJacinto-712x920.jpg\">\n            <div class=\"eoss_team_infobox\">\n            <span class= \"eoss_team_name\">Jacinto Camin\u0303a <\/span>\n                                        <\/div>\n        <\/div>\n\n                <div class=\"eoss_team_image\">\n            <img decoding=\"async\" src=\"https:\/\/alfredopolti.ch\/wp-content\/uploads\/2021\/10\/ChanJavier.jpg\">\n            <div class=\"eoss_team_infobox\">\n            <span class= \"eoss_team_name\">Javier Chan <\/span>\n                                        <\/div>\n        <\/div>\n\n                <div class=\"eoss_team_image\">\n            <img decoding=\"async\" src=\"https:\/\/alfredopolti.ch\/wp-content\/uploads\/2023\/07\/Personale-Cave-Polti@cg-3-712x920.jpg\">\n            <div class=\"eoss_team_infobox\">\n            <span class= \"eoss_team_name\">Joel Garrido<\/span>\n                                        <\/div>\n        <\/div>\n\n                <div class=\"eoss_team_image\">\n            <img decoding=\"async\" src=\"https:\/\/alfredopolti.ch\/wp-content\/uploads\/2024\/05\/OubinaJoseMaria-712x920.jpg\">\n            <div class=\"eoss_team_infobox\">\n            <span class= \"eoss_team_name\">Jos\u00e9 Maria Oubin\u0303a<\/span>\n                                        <\/div>\n        <\/div>\n\n                <div class=\"eoss_team_image\">\n            <img decoding=\"async\" src=\"https:\/\/alfredopolti.ch\/wp-content\/uploads\/2022\/04\/SilvaJuan-712x920.jpg\">\n            <div class=\"eoss_team_infobox\">\n            <span class= \"eoss_team_name\">Juan Silva<\/span>\n                                        <\/div>\n        <\/div>\n\n                <div class=\"eoss_team_image\">\n            <img decoding=\"async\" src=\"https:\/\/alfredopolti.ch\/wp-content\/uploads\/2021\/10\/HolguinKelvin.jpg\">\n            <div class=\"eoss_team_infobox\">\n            <span class= \"eoss_team_name\">Kelvin Holguin<\/span>\n                                        <\/div>\n        <\/div>\n\n                <div class=\"eoss_team_image\">\n            <img decoding=\"async\" src=\"https:\/\/alfredopolti.ch\/wp-content\/uploads\/2023\/07\/Personale-Cave-Polti@cg-4-712x920.jpg\">\n            <div class=\"eoss_team_infobox\">\n            <span class= \"eoss_team_name\">Leandro Galli<\/span>\n                                        <\/div>\n        <\/div>\n\n                <div class=\"eoss_team_image\">\n            <img decoding=\"async\" src=\"https:\/\/alfredopolti.ch\/wp-content\/uploads\/2025\/11\/\u00aeCorradoGriggiCavePolti-712x920.jpg\">\n            <div class=\"eoss_team_infobox\">\n            <span class= \"eoss_team_name\">Massimo Figus<\/span>\n                                        <\/div>\n        <\/div>\n\n                <div class=\"eoss_team_image\">\n            <img decoding=\"async\" src=\"https:\/\/alfredopolti.ch\/wp-content\/uploads\/2026\/03\/DSC8760\u00aeCorradogriggiPH-712x920.jpg\">\n            <div class=\"eoss_team_infobox\">\n            <span class= \"eoss_team_name\">Matteo Frascone<\/span>\n                                        <\/div>\n        <\/div>\n\n                <div class=\"eoss_team_image\">\n            <img decoding=\"async\" src=\"https:\/\/alfredopolti.ch\/wp-content\/uploads\/2021\/10\/GinestroniMaurizio.jpg\">\n            <div class=\"eoss_team_infobox\">\n            <span class= \"eoss_team_name\">Maurizio Ginestroni<\/span>\n                                        <\/div>\n        <\/div>\n\n                <div class=\"eoss_team_image\">\n            <img decoding=\"async\" src=\"https:\/\/alfredopolti.ch\/wp-content\/uploads\/2022\/04\/ZaimiNedim-1-712x920.jpg\">\n            <div class=\"eoss_team_infobox\">\n            <span class= \"eoss_team_name\">Nedim Zaimi<\/span>\n                                        <\/div>\n        <\/div>\n\n                <div class=\"eoss_team_image\">\n            <img decoding=\"async\" src=\"https:\/\/alfredopolti.ch\/wp-content\/uploads\/2021\/10\/BenedettiOscar.jpg\">\n            <div class=\"eoss_team_infobox\">\n            <span class= \"eoss_team_name\">Oscar Benedetti<\/span>\n                                        <\/div>\n        <\/div>\n\n                <div class=\"eoss_team_image\">\n            <img decoding=\"async\" src=\"https:\/\/alfredopolti.ch\/wp-content\/uploads\/2021\/10\/StefanettaRenato.jpg\">\n            <div class=\"eoss_team_infobox\">\n            <span class= \"eoss_team_name\">Renato Stefanetta<\/span>\n                                        <\/div>\n        <\/div>\n\n                <div class=\"eoss_team_image\">\n            <img decoding=\"async\" src=\"https:\/\/alfredopolti.ch\/wp-content\/uploads\/2021\/10\/PereiraRicardo.jpg\">\n            <div class=\"eoss_team_infobox\">\n            <span class= \"eoss_team_name\">Ricardo Pereira<\/span>\n                                        <\/div>\n        <\/div>\n\n                <div class=\"eoss_team_image\">\n            <img decoding=\"async\" src=\"https:\/\/alfredopolti.ch\/wp-content\/uploads\/2021\/10\/FerrarisWilmo-1-scaled.jpg\">\n            <div class=\"eoss_team_infobox\">\n            <span class= \"eoss_team_name\">Wilmo Ferraris<\/span>\n                                        <\/div>\n        <\/div>\n\n            <\/section>\n    \n\n\n<div style=\"height:100px\" aria-hidden=\"true\" class=\"wp-block-spacer\"><\/div>\n","protected":false},"excerpt":{"rendered":"<p>L\u2019impresa Alfredo Polti SA \u00e8 una tipica azienda di famiglia, cos\u00ec come nella Svizzera italiana se ne trovano spesso in questo settore. Il segreto del nostro successo \u00e8 custodito nelle solide basi su cui poggia l\u2019azienda. Da oltre un secolo viviamo da vicino la tradizione dell\u2019artigianato della Val Calanca, ma con una filosofia moderna e [&hellip;]<\/p>\n","protected":false},"author":1,"featured_media":0,"parent":510,"menu_order":13,"comment_status":"closed","ping_status":"closed","template":"","meta":{"_acf_changed":false,"footnotes":""},"class_list":["post-11789","page","type-page","status-publish","hentry"],"acf":[],"_links":{"self":[{"href":"https:\/\/alfredopolti.ch\/it\/wp-json\/wp\/v2\/pages\/11789","targetHints":{"allow":["GET"]}}],"collection":[{"href":"https:\/\/alfredopolti.ch\/it\/wp-json\/wp\/v2\/pages"}],"about":[{"href":"https:\/\/alfredopolti.ch\/it\/wp-json\/wp\/v2\/types\/page"}],"author":[{"embeddable":true,"href":"https:\/\/alfredopolti.ch\/it\/wp-json\/wp\/v2\/users\/1"}],"replies":[{"embeddable":true,"href":"https:\/\/alfredopolti.ch\/it\/wp-json\/wp\/v2\/comments?post=11789"}],"version-history":[{"count":8,"href":"https:\/\/alfredopolti.ch\/it\/wp-json\/wp\/v2\/pages\/11789\/revisions"}],"predecessor-version":[{"id":16768,"href":"https:\/\/alfredopolti.ch\/it\/wp-json\/wp\/v2\/pages\/11789\/revisions\/16768"}],"up":[{"embeddable":true,"href":"https:\/\/alfredopolti.ch\/it\/wp-json\/wp\/v2\/pages\/510"}],"wp:attachment":[{"href":"https:\/\/alfredopolti.ch\/it\/wp-json\/wp\/v2\/media?parent=11789"}],"curies":[{"name":"wp","href":"https:\/\/api.w.org\/{rel}","templated":true}]}}