{"id":11793,"date":"2021-07-20T08:11:19","date_gmt":"2021-07-20T08:11:19","guid":{"rendered":"https:\/\/alfredopolti.wpengine.com\/fachhaendlersuche\/"},"modified":"2023-02-09T09:04:30","modified_gmt":"2023-02-09T09:04:30","slug":"fachhaendlersuche","status":"publish","type":"page","link":"https:\/\/alfredopolti.ch\/it\/pagina-iniziale\/fachhaendlersuche\/","title":{"rendered":"Ricerca SPECIALISTI DEL CALANCA GNEISS"},"content":{"rendered":"\n<div style=\"height:200px\" aria-hidden=\"true\" class=\"wp-block-spacer\"><\/div>\n\n\n\n<div class=\"wp-block-columns is-layout-flex wp-container-core-columns-is-layout-9d6595d7 wp-block-columns-is-layout-flex\">\n<div class=\"wp-block-column is-layout-flow wp-block-column-is-layout-flow\">\n<section class=\"eoss_two_color_header eoss_header_left\">\n    <span class=\"eoss_two_color_header_red\">Il vostro progetto dietro all&#8217;angolo<\/span>\n    <span class=\"eoss_two_color_header_gray\">Ricerca specialisti del Calanca Gneiss <\/span>\n<\/section>\n    \n\n\n<p>Le pietre naturali sono uniche per definizione ed \u00e8 questa caratteristica che le rende cos\u00ec speciali. Ci\u00f2 significa che la struttura,  la grana e la colorazione delle lastre, a dipendenza della zona estrattiva, sono molto variabili anche per lo stesso materiale. Perci\u00f2 vi consigliamo, per realizzare al meglio i vostri desideri di rivolgervi presso uno dei nostri partner commerciali, dove oltre a ricevere una consulenza competente,  potrete toccare con mano i campioni delle nostre lavorazioni.<\/p>\n<\/div>\n\n\n\n<div class=\"wp-block-column is-layout-flow wp-block-column-is-layout-flow\"><\/div>\n<\/div>\n","protected":false},"excerpt":{"rendered":"<p>Le pietre naturali sono uniche per definizione ed \u00e8 questa caratteristica che le rende cos\u00ec speciali. Ci\u00f2 significa che la struttura, la grana e la colorazione delle lastre, a dipendenza della zona estrattiva, sono molto variabili anche per lo stesso materiale. Perci\u00f2 vi consigliamo, per realizzare al meglio i vostri desideri di rivolgervi presso uno [&hellip;]<\/p>\n","protected":false},"author":1,"featured_media":0,"parent":510,"menu_order":17,"comment_status":"closed","ping_status":"closed","template":"page-suppliers.php","meta":{"_acf_changed":false,"footnotes":""},"class_list":["post-11793","page","type-page","status-publish","hentry"],"acf":[],"_links":{"self":[{"href":"https:\/\/alfredopolti.ch\/it\/wp-json\/wp\/v2\/pages\/11793","targetHints":{"allow":["GET"]}}],"collection":[{"href":"https:\/\/alfredopolti.ch\/it\/wp-json\/wp\/v2\/pages"}],"about":[{"href":"https:\/\/alfredopolti.ch\/it\/wp-json\/wp\/v2\/types\/page"}],"author":[{"embeddable":true,"href":"https:\/\/alfredopolti.ch\/it\/wp-json\/wp\/v2\/users\/1"}],"replies":[{"embeddable":true,"href":"https:\/\/alfredopolti.ch\/it\/wp-json\/wp\/v2\/comments?post=11793"}],"version-history":[{"count":0,"href":"https:\/\/alfredopolti.ch\/it\/wp-json\/wp\/v2\/pages\/11793\/revisions"}],"up":[{"embeddable":true,"href":"https:\/\/alfredopolti.ch\/it\/wp-json\/wp\/v2\/pages\/510"}],"wp:attachment":[{"href":"https:\/\/alfredopolti.ch\/it\/wp-json\/wp\/v2\/media?parent=11793"}],"curies":[{"name":"wp","href":"https:\/\/api.w.org\/{rel}","templated":true}]}}