{"id":11795,"date":"2021-08-02T13:38:24","date_gmt":"2021-08-02T13:38:24","guid":{"rendered":"https:\/\/alfredopolti.wpengine.com\/fachhaendler-login\/"},"modified":"2024-11-13T14:18:30","modified_gmt":"2024-11-13T14:18:30","slug":"fachhaendler-login","status":"publish","type":"page","link":"https:\/\/alfredopolti.ch\/it\/fachhaendler-login\/","title":{"rendered":"Accesso rivenditori specializzati"},"content":{"rendered":"\n<div style=\"height:200px\" aria-hidden=\"true\" class=\"wp-block-spacer\"><\/div>\n\n\n\n<div class=\"wp-block-columns is-layout-flex wp-container-core-columns-is-layout-9d6595d7 wp-block-columns-is-layout-flex\">\n<div class=\"wp-block-column is-layout-flow wp-block-column-is-layout-flow\">\n<section class=\"eoss_two_color_header eoss_header_left\">\n    <span class=\"eoss_two_color_header_red\">Portale per rivenditori e partner commerciali<\/span>\n    <span class=\"eoss_two_color_header_gray\">Accesso rivenditori specializzati<\/span>\n<\/section>\n    \n\n\n<p>Gli elementi chiave per una collaborazione costruttiva sono per noi l\u2019affidabilit\u00e0, la seriet\u00e0 e la continuit\u00e0. Manteniamo un contatto diretto e personale con i nostri rivenditori e partner, garantiamo la puntualit\u00e0 nelle consegne e un elevato standard di qualit\u00e0. Saremo lieti di ricevere il vostro contatto per fornirvi il materiale, la documentazione tecnica e il nostro know-how nel settore della pietra naturale.<\/p>\n\n\n\n<p>Registratevi ora per richiedere le condizioni e ottenere l\u2019accesso alla documentazione tecnica.<\/p>\n<\/div>\n\n\n\n<div class=\"wp-block-column is-layout-flow wp-block-column-is-layout-flow\"><\/div>\n<\/div>\n\n\n\n<div style=\"height:50px\" aria-hidden=\"true\" class=\"wp-block-spacer\"><\/div>\n\n\n    <section class=\"eoss_fullwidth eoss_two_color_background_login\">\n        <div class=\"eoss_contentwidth eoss_two_color_background_login_columns\">\n            <div class=\"eoss_two_color_background_login_columns_single eoss_form_dark_background\">\n                <h2>Accesso<\/h2>\t<div class=\"lwa lwa-default\">        <form class=\"lwa-form\" action=\"https:\/\/alfredopolti.ch\/it\/wp-login.php?template=default\" method=\"post\">\r\n        \t<div>\r\n        \t<span class=\"lwa-status\"><\/span>\r\n            <table>\r\n                <tr class=\"lwa-username\">\r\n                    <td class=\"lwa-username-label\">\r\n                        <label>Nome utente<\/label>\r\n                    <\/td>\r\n                    <td class=\"lwa-username-input\">\r\n                        <input type=\"text\" name=\"log\" \/>\r\n                    <\/td>\r\n                <\/tr>\r\n                <tr class=\"lwa-password\">\r\n                    <td class=\"lwa-password-label\">\r\n                        <label>Password<\/label>\r\n                    <\/td>\r\n                    <td class=\"lwa-password-input\">\r\n                        <input type=\"password\" name=\"pwd\" \/>\r\n                    <\/td>\r\n                <\/tr>\r\n                <tr><td colspan=\"2\"><input type=\"hidden\" name=\"lang\" id=\"lang\" value=\"it\" \/><\/td><\/tr>\r\n                <tr class=\"lwa-submit\">\r\n                    <td class=\"lwa-submit-button\">\r\n                        <input type=\"submit\" name=\"wp-submit\" id=\"lwa_wp-submit\" value=\"Einloggen\" tabindex=\"100\" \/>\r\n                        <input type=\"hidden\" name=\"lwa_profile_link\" value=\"1\" \/>\r\n                        <input type=\"hidden\" name=\"login-with-ajax\" value=\"login\" \/>\r\n\t\t\t\t\t\t                    <\/td>\r\n                    <td class=\"lwa-submit-links\">\r\n                        <input name=\"rememberme\" type=\"checkbox\" class=\"lwa-rememberme\" value=\"forever\" \/> <label>Ricordami<\/label>\r\n                        <br \/>\r\n\t\t\t\t\t\t\t\t\t\t\t\t<a class=\"lwa-links-remember\" href=\"https:\/\/alfredopolti.ch\/it\/pagina-iniziale\/shop\/mein-konto\/lost-password\/?template=default\" title=\"Password persa e ritrovata\">Password dimenticata?<\/a>\r\n\t\t\t\t\t\t                                            <\/td>\r\n                <\/tr>\r\n            <\/table>\r\n            <\/div>\r\n        <\/form>\r\n                <form class=\"lwa-remember\" action=\"https:\/\/alfredopolti.ch\/it\/pagina-iniziale\/shop\/mein-konto\/lost-password\/?template=default\" method=\"post\" style=\"display:none;\">\r\n        \t<div>\r\n        \t<span class=\"lwa-status\"><\/span>\r\n            <table>\r\n                <tr>\r\n                    <td>\r\n                        <strong>Password dimenticata<\/strong>         \r\n                    <\/td>\r\n                <\/tr>\r\n                <tr>\r\n                    <td class=\"lwa-remember-email\">  \r\n                                                <input type=\"text\" name=\"user_login\" class=\"lwa-user-remember\" value=\"Inserisci il nome utente o l&#039;email\" onfocus=\"if(this.value == 'Inserisci il nome utente o l&#039;email'){this.value = '';}\" onblur=\"if(this.value == ''){this.value = 'Inserisci il nome utente o l&#039;email'}\" \/>\r\n                        <input type=\"hidden\" name=\"lang\" id=\"lang\" value=\"it\" \/>                    <\/td>\r\n                <\/tr>\r\n                <tr>\r\n                    <td class=\"lwa-remember-buttons\">\r\n                        <input type=\"submit\" value=\"Scegli una nuova password\" class=\"lwa-button-remember\" \/>\r\n                        <a href=\"#\" class=\"lwa-links-remember-cancel\">Annulla<\/a>\r\n                        <input type=\"hidden\" name=\"login-with-ajax\" value=\"remember\" \/>\r\n                    <\/td>\r\n                <\/tr>\r\n            <\/table>\r\n            <\/div>\r\n        <\/form>\r\n        \t\t\t<\/div>            <\/div>\n            <div class=\"eoss_two_color_background_login_columns_single\">\n                <h2>Registra<\/h2>\n                \n\n<div class=\"wp-block-buttons is-layout-flex wp-block-buttons-is-layout-flex\">\n<div class=\"wp-block-button is-style-polti-standard-button-no-animation\"><a class=\"wp-block-button__link wp-element-button\" href=\"https:\/\/alfredopolti.ch\/onboarding-fachhaendler-de\/\">Registration Deutsch<\/a><\/div>\n<\/div>\n\n\n\n<div class=\"wp-block-buttons is-layout-flex wp-block-buttons-is-layout-flex\">\n<div class=\"wp-block-button is-style-polti-standard-button-no-animation\"><a class=\"wp-block-button__link wp-element-button\" href=\"https:\/\/alfredopolti.ch\/it\/onboarding-fachhaendler\/\"><meta charset=\"utf-8\">Registrazione italiano<\/a><\/div>\n<\/div>\n\n\n\n<div class=\"wp-block-buttons is-layout-flex wp-block-buttons-is-layout-flex\"><\/div>\n\n\n\n            <\/div>\n        <\/div>\n    <\/section>\n\n    \n\n\n<div style=\"height:100px\" aria-hidden=\"true\" class=\"wp-block-spacer\"><\/div>\n\n\n<article class=\"eoss_suppliers\">\n    <section class=\"eoss_two_color_header\">\n        <span class=\"eoss_two_color_header_red\">Specialisti del Gneiss Calanca<\/span>\n        <span class=\"eoss_two_color_header_gray\">Ricerca Partner<\/span>\n\n    <\/section>\n    <p>\n        Conoscete pi\u00f9 nel dettaglio i nostri partner nella vostra regione    <\/p>\n    <a class=\"eoss_button\" href=\"https:\/\/alfredopolti.ch\/it\/startseite\/fachhaendlersuche\/\"><span>Ricerca rivenditori specializzati<\/span><\/a>\n<!--    <ul class=\"eoss_suppliers_list\">-->\n<!--        --><!--            <li class=\"eoss_suppliers_list_single\">-->\n<!--                <img decoding=\"async\" src=\"--><!--\">-->\n<!--                <div>-->\n<!--                    <span class=\"eoss_suppliers_list_single_name\">--><!--<\/span>-->\n<!--                    <span class=\"eoss_suppliers_list_single_address\">--><!--, --><!--<\/span>-->\n<!--                    <a href=\"--><!--\" target=\"_blank\">Website<\/a>-->\n<!---->\n<!--                <\/div>-->\n<!--            <\/li>-->\n<!---->\n<!--            --><!---->\n<!---->\n<!---->\n<!--    <\/ul>-->\n\n<\/article>\n\n\n\n\n<div style=\"height:100px\" aria-hidden=\"true\" class=\"wp-block-spacer\"><\/div>\n","protected":false},"excerpt":{"rendered":"<p>Gli elementi chiave per una collaborazione costruttiva sono per noi l\u2019affidabilit\u00e0, la seriet\u00e0 e la continuit\u00e0. Manteniamo un contatto diretto e personale con i nostri rivenditori e partner, garantiamo la puntualit\u00e0 nelle consegne e un elevato standard di qualit\u00e0. Saremo lieti di ricevere il vostro contatto per fornirvi il materiale, la documentazione tecnica e il [&hellip;]<\/p>\n","protected":false},"author":1,"featured_media":0,"parent":0,"menu_order":19,"comment_status":"closed","ping_status":"closed","template":"","meta":{"_acf_changed":false,"footnotes":""},"class_list":["post-11795","page","type-page","status-publish","hentry"],"acf":[],"_links":{"self":[{"href":"https:\/\/alfredopolti.ch\/it\/wp-json\/wp\/v2\/pages\/11795","targetHints":{"allow":["GET"]}}],"collection":[{"href":"https:\/\/alfredopolti.ch\/it\/wp-json\/wp\/v2\/pages"}],"about":[{"href":"https:\/\/alfredopolti.ch\/it\/wp-json\/wp\/v2\/types\/page"}],"author":[{"embeddable":true,"href":"https:\/\/alfredopolti.ch\/it\/wp-json\/wp\/v2\/users\/1"}],"replies":[{"embeddable":true,"href":"https:\/\/alfredopolti.ch\/it\/wp-json\/wp\/v2\/comments?post=11795"}],"version-history":[{"count":1,"href":"https:\/\/alfredopolti.ch\/it\/wp-json\/wp\/v2\/pages\/11795\/revisions"}],"predecessor-version":[{"id":16123,"href":"https:\/\/alfredopolti.ch\/it\/wp-json\/wp\/v2\/pages\/11795\/revisions\/16123"}],"wp:attachment":[{"href":"https:\/\/alfredopolti.ch\/it\/wp-json\/wp\/v2\/media?parent=11795"}],"curies":[{"name":"wp","href":"https:\/\/api.w.org\/{rel}","templated":true}]}}