{"id":12923,"date":"2022-11-22T12:13:52","date_gmt":"2022-11-22T12:13:52","guid":{"rendered":"https:\/\/alfredopolti-cyon.local\/?page_id=12923"},"modified":"2022-11-22T12:15:25","modified_gmt":"2022-11-22T12:15:25","slug":"12923-2","status":"publish","type":"page","link":"https:\/\/alfredopolti.ch\/it\/12923-2\/","title":{"rendered":"WIR STELLEN UNS VOR: ALFREDO POLTI SA"},"content":{"rendered":"\n<div style=\"height:99px\" aria-hidden=\"true\" class=\"wp-block-spacer\"><\/div>\n\n\n\n<div class=\"wp-block-cover\"><span aria-hidden=\"true\" class=\"wp-block-cover__background has-background-dim\"><\/span><img loading=\"lazy\" decoding=\"async\" width=\"2560\" height=\"1705\" class=\"wp-block-cover__image-background wp-image-12342\" alt=\"\" src=\"https:\/\/alfredopolti.ch\/wp-content\/uploads\/2022\/01\/G.CAVA11-scaled.jpg\" style=\"object-position:50% 50%\" data-object-fit=\"cover\" data-object-position=\"50% 50%\" srcset=\"https:\/\/alfredopolti.ch\/wp-content\/uploads\/2022\/01\/G.CAVA11-scaled.jpg 2560w, https:\/\/alfredopolti.ch\/wp-content\/uploads\/2022\/01\/G.CAVA11-300x200.jpg 300w, https:\/\/alfredopolti.ch\/wp-content\/uploads\/2022\/01\/G.CAVA11-1024x682.jpg 1024w, https:\/\/alfredopolti.ch\/wp-content\/uploads\/2022\/01\/G.CAVA11-768x512.jpg 768w, https:\/\/alfredopolti.ch\/wp-content\/uploads\/2022\/01\/G.CAVA11-1536x1023.jpg 1536w, https:\/\/alfredopolti.ch\/wp-content\/uploads\/2022\/01\/G.CAVA11-2048x1364.jpg 2048w, https:\/\/alfredopolti.ch\/wp-content\/uploads\/2022\/01\/G.CAVA11-600x400.jpg 600w\" sizes=\"auto, (max-width: 2560px) 100vw, 2560px\" \/><div class=\"wp-block-cover__inner-container is-layout-flow wp-block-cover-is-layout-flow\">\n<p class=\"has-text-align-center has-white-color has-text-color has-medium-font-size\"><strong>DIE NATURSTEINEXPERTEN AUS DEM CALANCATAL<\/strong><\/p>\n<\/div><\/div>\n\n\n\n<div style=\"height:100px\" aria-hidden=\"true\" class=\"wp-block-spacer\"><\/div>\n\n\n\n<p class=\"has-drop-cap\"><strong>From Nature to Swiss Made \u2013 nach diesem Motto bringt die Polti SA aus Arvigo GR ihre Philosophie auf den Punkt: Der Naturstein aus dem Familienbetrieb in 3. Generation bewahrt seinen Charakter vom Verarbeitungsort bis zum Endprodukt und widerspiegelt damit typische Schweizer Werte wie Qualit\u00e4t, Tradition und das Engagement f\u00fcr die Region. Diese Authentizit\u00e4t ist wohl der Grund, weshalb 90% des Calanca Gneis vom Schweizer Markt nachgefragt werden.<\/strong><\/p>\n\n\n\n<div style=\"height:50px\" aria-hidden=\"true\" class=\"wp-block-spacer\"><\/div>\n\n\n\n<p>Calanca Gneis ist ein charismatischer Stein, der schon im 19. Jahrhundert im Calancatal abgebaut wurde. Heute wird der frostbest\u00e4ndige Gneis in Arvigo auf dem Gel\u00e4nde der Alfredo Polti SA bereits in der dritten Generation zum Calanca Gneis Made in Switzerland veredelt.<\/p>\n\n\n\n<div style=\"height:50px\" aria-hidden=\"true\" class=\"wp-block-spacer\"><\/div>\n\n\n\n<div class=\"wp-block-media-text alignwide is-stacked-on-mobile\"><figure class=\"wp-block-media-text__media\"><img loading=\"lazy\" decoding=\"async\" width=\"1024\" height=\"682\" src=\"https:\/\/alfredopolti.ch\/wp-content\/uploads\/2022\/01\/alfredo_polti_sa_31-1024x682.jpg\" alt=\"\" class=\"wp-image-12345 size-full\" srcset=\"https:\/\/alfredopolti.ch\/wp-content\/uploads\/2022\/01\/alfredo_polti_sa_31-1024x682.jpg 1024w, https:\/\/alfredopolti.ch\/wp-content\/uploads\/2022\/01\/alfredo_polti_sa_31-300x200.jpg 300w, https:\/\/alfredopolti.ch\/wp-content\/uploads\/2022\/01\/alfredo_polti_sa_31-768x512.jpg 768w, https:\/\/alfredopolti.ch\/wp-content\/uploads\/2022\/01\/alfredo_polti_sa_31-1536x1023.jpg 1536w, https:\/\/alfredopolti.ch\/wp-content\/uploads\/2022\/01\/alfredo_polti_sa_31-2048x1364.jpg 2048w, https:\/\/alfredopolti.ch\/wp-content\/uploads\/2022\/01\/alfredo_polti_sa_31-600x400.jpg 600w\" sizes=\"auto, (max-width: 1024px) 100vw, 1024px\" \/><\/figure><div class=\"wp-block-media-text__content\">\n<div style=\"height:50px\" aria-hidden=\"true\" class=\"wp-block-spacer\"><\/div>\n\n\n\n<p><strong>Familienbetrieb in der 3. Generation setzt auf ISO-Qualit\u00e4t<\/strong><\/p>\n\n\n\n<p>Nach dem eindr\u00fccklichen Abbau im Steinbruch werden die massiven Rohbl\u00f6cke mit schweren Maschinen aufs Werkgel\u00e4nde gebracht und danach in den Werkhallen manuell oder mit modernster Fr\u00e4stechnologie in mehreren Schritten zu Tisch- und Bodenplatten, Mauersteinen, Brunnentr\u00f6gen oder Wandelementen verarbeitet. Sowohl beim Abbau wie auch in der Produktion haben Sicherheit und die Einhaltung von Qualit\u00e4tsstandards oberste Priorit\u00e4t. Seit 2007 ist die Polti SA ISO 9001 zertifiziert und in allen Prozessen ein Synonym f\u00fcr Bestleistungen. Um diesen hohen Standard auch in Zukunft zu garantieren, investiert die Polti SA laufend in neue Maschinen und Anlagen sowie in die Aus- und Weiterbildung ihrer Mitarbeitenden. Die Polti AG ist ein Garant f\u00fcr Schweizer Qualit\u00e4t.<\/p>\n<\/div><\/div>\n\n\n\n<div style=\"height:50px\" aria-hidden=\"true\" class=\"wp-block-spacer\"><\/div>\n\n\n\n<div class=\"wp-block-media-text alignwide has-media-on-the-right is-stacked-on-mobile\"><figure class=\"wp-block-media-text__media\"><img loading=\"lazy\" decoding=\"async\" width=\"1024\" height=\"683\" src=\"https:\/\/alfredopolti.ch\/wp-content\/uploads\/2022\/01\/220192893_4504822816196087_3595880951795799296_n-1024x683.jpg\" alt=\"\" class=\"wp-image-12348 size-full\" srcset=\"https:\/\/alfredopolti.ch\/wp-content\/uploads\/2022\/01\/220192893_4504822816196087_3595880951795799296_n-1024x683.jpg 1024w, https:\/\/alfredopolti.ch\/wp-content\/uploads\/2022\/01\/220192893_4504822816196087_3595880951795799296_n-300x200.jpg 300w, https:\/\/alfredopolti.ch\/wp-content\/uploads\/2022\/01\/220192893_4504822816196087_3595880951795799296_n-768x512.jpg 768w, https:\/\/alfredopolti.ch\/wp-content\/uploads\/2022\/01\/220192893_4504822816196087_3595880951795799296_n-1536x1024.jpg 1536w, https:\/\/alfredopolti.ch\/wp-content\/uploads\/2022\/01\/220192893_4504822816196087_3595880951795799296_n-600x400.jpg 600w, https:\/\/alfredopolti.ch\/wp-content\/uploads\/2022\/01\/220192893_4504822816196087_3595880951795799296_n.jpg 2048w\" sizes=\"auto, (max-width: 1024px) 100vw, 1024px\" \/><\/figure><div class=\"wp-block-media-text__content\">\n<div style=\"height:50px\" aria-hidden=\"true\" class=\"wp-block-spacer\"><\/div>\n\n\n\n<p><strong>Nachhaltigkeit in Stein gemeisselt<\/strong><\/p>\n\n\n\n<p>Der Schutz der Umwelt ist f\u00fcr die Polti SA seit jeher ein grosses Anliegen. Die \u00d6kobilanz wurde im Betrieb seit 2012 kontinuierlich verbessert, aber Nachhaltigkeit wurde hier schon immer gelebt. Beispielsweise konnte die Feinstaubbelastung durch die Optimierung der Transportlogistik deutlich gesenkt werden. Von der Stiftung Natur &amp; Wirtschaft erhielt der Betrieb im 2021 zudem das Zertifikat f\u00fcr die naturnahe Gestaltung der Abbaustelle Cava Arvigo. Wegen der hervorragenden \u00d6kobilanz und aufgrund der vielen Anwendungsm\u00f6glichkeiten in modernen Architekturprojekten ist der Stein wie geschaffen, um die hohen Anforderungen von Schweizer Architekten sowie Garten- und Landschaftsarchitekten zu erf\u00fcllen. \u00abWir sprechen hier nicht \u00fcber Nachhaltigkeit, sondern leben sie seit drei Generationen\u00bb, so Gesch\u00e4ftsf\u00fchrer Giovanni Polti.<\/p>\n<\/div><\/div>\n\n\n\n<div style=\"height:50px\" aria-hidden=\"true\" class=\"wp-block-spacer\"><\/div>\n\n\n\n<div class=\"wp-block-media-text alignwide is-stacked-on-mobile\"><figure class=\"wp-block-media-text__media\"><img loading=\"lazy\" decoding=\"async\" width=\"1024\" height=\"683\" src=\"https:\/\/alfredopolti.ch\/wp-content\/uploads\/2021\/06\/57168dac5d8308c26da9a86d_demenga-2014-09-1024x683.jpg\" alt=\"\" class=\"wp-image-11542 size-full\" srcset=\"https:\/\/alfredopolti.ch\/wp-content\/uploads\/2021\/06\/57168dac5d8308c26da9a86d_demenga-2014-09-1024x683.jpg 1024w, https:\/\/alfredopolti.ch\/wp-content\/uploads\/2021\/06\/57168dac5d8308c26da9a86d_demenga-2014-09-300x200.jpg 300w, https:\/\/alfredopolti.ch\/wp-content\/uploads\/2021\/06\/57168dac5d8308c26da9a86d_demenga-2014-09-768x512.jpg 768w, https:\/\/alfredopolti.ch\/wp-content\/uploads\/2021\/06\/57168dac5d8308c26da9a86d_demenga-2014-09-600x400.jpg 600w, https:\/\/alfredopolti.ch\/wp-content\/uploads\/2021\/06\/57168dac5d8308c26da9a86d_demenga-2014-09.jpg 1400w\" sizes=\"auto, (max-width: 1024px) 100vw, 1024px\" \/><\/figure><div class=\"wp-block-media-text__content\">\n<div style=\"height:50px\" aria-hidden=\"true\" class=\"wp-block-spacer\"><\/div>\n\n\n\n<p><strong>Engagement f\u00fcr die Region<\/strong><\/p>\n\n\n\n<p>Mit dem Abbau und der Weiterverarbeitung des Calanca-Gneis sorgt die Polti SA f\u00fcr Arbeitspl\u00e4tze in einem der entlegensten T\u00e4ler der Schweiz. Weil das Unternehmen eng mit der Region verwurzelt ist, werden Stellensuchende aus der Region wenn immer m\u00f6glich bevorzugt. Und als gr\u00f6sster Arbeitgeber im Tal engagiert sich die Polti SA auch f\u00fcr den sozialen Zusammenhalt, indem sie Aktivit\u00e4ten und Verb\u00e4nde im Tal aktiv f\u00f6rdert. \u00abFrom Nature to Swiss Made\u00bb passt perfekt zum Tal und zu dieser Natursteinmanufaktur. Kein Wunder, ist Calanca Gneis bei Schweizer Architekten und Bauherren hoch im Kurs.<\/p>\n<\/div><\/div>\n\n\n\n<div style=\"height:100px\" aria-hidden=\"true\" class=\"wp-block-spacer\"><\/div>\n","protected":false},"excerpt":{"rendered":"<p>From Nature to Swiss Made \u2013 nach diesem Motto bringt die Polti SA aus Arvigo GR ihre Philosophie auf den Punkt: Der Naturstein aus dem Familienbetrieb in 3. Generation bewahrt seinen Charakter vom Verarbeitungsort bis zum Endprodukt und widerspiegelt damit typische Schweizer Werte wie Qualit\u00e4t, Tradition und das Engagement f\u00fcr die Region. Diese Authentizit\u00e4t ist [&hellip;]<\/p>\n","protected":false},"author":1,"featured_media":0,"parent":0,"menu_order":0,"comment_status":"closed","ping_status":"closed","template":"","meta":{"_acf_changed":false,"footnotes":""},"class_list":["post-12923","page","type-page","status-publish","hentry"],"acf":[],"_links":{"self":[{"href":"https:\/\/alfredopolti.ch\/it\/wp-json\/wp\/v2\/pages\/12923","targetHints":{"allow":["GET"]}}],"collection":[{"href":"https:\/\/alfredopolti.ch\/it\/wp-json\/wp\/v2\/pages"}],"about":[{"href":"https:\/\/alfredopolti.ch\/it\/wp-json\/wp\/v2\/types\/page"}],"author":[{"embeddable":true,"href":"https:\/\/alfredopolti.ch\/it\/wp-json\/wp\/v2\/users\/1"}],"replies":[{"embeddable":true,"href":"https:\/\/alfredopolti.ch\/it\/wp-json\/wp\/v2\/comments?post=12923"}],"version-history":[{"count":0,"href":"https:\/\/alfredopolti.ch\/it\/wp-json\/wp\/v2\/pages\/12923\/revisions"}],"wp:attachment":[{"href":"https:\/\/alfredopolti.ch\/it\/wp-json\/wp\/v2\/media?parent=12923"}],"curies":[{"name":"wp","href":"https:\/\/api.w.org\/{rel}","templated":true}]}}