{"id":12924,"date":"2022-11-22T12:16:30","date_gmt":"2022-11-22T12:16:30","guid":{"rendered":"https:\/\/alfredopolti-cyon.local\/?page_id=12924"},"modified":"2022-11-22T12:16:32","modified_gmt":"2022-11-22T12:16:32","slug":"ellipsenformiger-brunnen-cham","status":"publish","type":"page","link":"https:\/\/alfredopolti.ch\/it\/ellipsenformiger-brunnen-cham\/","title":{"rendered":"ELLIPSENF\u00d6RMIGER BRUNNEN, CHAM"},"content":{"rendered":"\n<div style=\"height:100px\" aria-hidden=\"true\" class=\"wp-block-spacer\"><\/div>\n\n\n\n<h2 class=\"wp-block-heading\">ELLIPSENF\u00d6RMIGER BRUNNEN<\/h2>\n\n\n\n<ul class=\"wp-block-list\"><li>Bearbeitung: Aussenfl\u00e4chen fein gestockt, Aush\u00f6hlung geschliffen, mit Sockel<\/li><\/ul>\n\n\n\n<ul class=\"wp-block-list\"><li>Auftraggeber: Raiffeisenbank Cham-Steinhausen, CH-6330 Cham<\/li><li>Landschaftsarchitekt: <a href=\"https:\/\/www.benediktstaehli.ch\/\" data-type=\"URL\" data-id=\"https:\/\/www.benediktstaehli.ch\/\">Benedikt St\u00e4hli<\/a><\/li><\/ul>\n\n\n\n<div style=\"height:100px\" aria-hidden=\"true\" class=\"wp-block-spacer\"><\/div>\n\n\n\n<figure class=\"wp-block-embed is-type-video is-provider-youtube wp-block-embed-youtube wp-embed-aspect-4-3 wp-has-aspect-ratio\"><div class=\"wp-block-embed__wrapper\">\n<iframe loading=\"lazy\" title=\"Ellipsenf\u00f6rmiger Brunnen | Calanca Gneis |  Alfredo Polti SA\" width=\"500\" height=\"375\" src=\"https:\/\/www.youtube.com\/embed\/d1bKJjYJUh8?feature=oembed\" frameborder=\"0\" allow=\"accelerometer; autoplay; clipboard-write; encrypted-media; gyroscope; picture-in-picture; web-share\" referrerpolicy=\"strict-origin-when-cross-origin\" allowfullscreen><\/iframe>\n<\/div><\/figure>\n\n\n\n<div style=\"height:100px\" aria-hidden=\"true\" class=\"wp-block-spacer\"><\/div>\n\n\n\n<figure class=\"wp-block-gallery has-nested-images columns-4 is-cropped wp-block-gallery-1 is-layout-flex wp-block-gallery-is-layout-flex\">\n<figure class=\"wp-block-image size-large is-style-default\"><a href=\"https:\/\/alfredopolti.ch\/wp-content\/uploads\/2022\/04\/1-scaled.jpg\"><img loading=\"lazy\" decoding=\"async\" width=\"1024\" height=\"870\" data-id=\"12463\" src=\"https:\/\/alfredopolti.ch\/wp-content\/uploads\/2022\/04\/1-1024x870.jpg\" alt=\"\" class=\"wp-image-12463\" srcset=\"https:\/\/alfredopolti.ch\/wp-content\/uploads\/2022\/04\/1-1024x870.jpg 1024w, https:\/\/alfredopolti.ch\/wp-content\/uploads\/2022\/04\/1-300x255.jpg 300w, https:\/\/alfredopolti.ch\/wp-content\/uploads\/2022\/04\/1-768x652.jpg 768w, https:\/\/alfredopolti.ch\/wp-content\/uploads\/2022\/04\/1-1536x1304.jpg 1536w, https:\/\/alfredopolti.ch\/wp-content\/uploads\/2022\/04\/1-2048x1739.jpg 2048w, https:\/\/alfredopolti.ch\/wp-content\/uploads\/2022\/04\/1-600x509.jpg 600w, https:\/\/alfredopolti.ch\/wp-content\/uploads\/2022\/04\/1-scaled.jpg 1696w\" sizes=\"auto, (max-width: 1024px) 100vw, 1024px\" \/><\/a><\/figure>\n\n\n\n<figure class=\"wp-block-image size-large is-style-default\"><a href=\"https:\/\/alfredopolti.ch\/wp-content\/uploads\/2022\/04\/2-scaled.jpg\"><img loading=\"lazy\" decoding=\"async\" width=\"936\" height=\"1024\" data-id=\"12469\" src=\"https:\/\/alfredopolti.ch\/wp-content\/uploads\/2022\/04\/2-936x1024.jpg\" alt=\"\" class=\"wp-image-12469\" srcset=\"https:\/\/alfredopolti.ch\/wp-content\/uploads\/2022\/04\/2-936x1024.jpg 936w, https:\/\/alfredopolti.ch\/wp-content\/uploads\/2022\/04\/2-274x300.jpg 274w, https:\/\/alfredopolti.ch\/wp-content\/uploads\/2022\/04\/2-768x840.jpg 768w, https:\/\/alfredopolti.ch\/wp-content\/uploads\/2022\/04\/2-1404x1536.jpg 1404w, https:\/\/alfredopolti.ch\/wp-content\/uploads\/2022\/04\/2-1872x2048.jpg 1872w, https:\/\/alfredopolti.ch\/wp-content\/uploads\/2022\/04\/2-600x657.jpg 600w, https:\/\/alfredopolti.ch\/wp-content\/uploads\/2022\/04\/2-scaled.jpg 1316w\" sizes=\"auto, (max-width: 936px) 100vw, 936px\" \/><\/a><\/figure>\n\n\n\n<figure class=\"wp-block-image size-large is-style-default\"><a href=\"https:\/\/alfredopolti.ch\/wp-content\/uploads\/2022\/04\/3-scaled.jpg\"><img loading=\"lazy\" decoding=\"async\" width=\"1024\" height=\"768\" data-id=\"12477\" src=\"https:\/\/alfredopolti.ch\/wp-content\/uploads\/2022\/04\/3-1024x768.jpg\" alt=\"\" class=\"wp-image-12477\" srcset=\"https:\/\/alfredopolti.ch\/wp-content\/uploads\/2022\/04\/3-1024x768.jpg 1024w, https:\/\/alfredopolti.ch\/wp-content\/uploads\/2022\/04\/3-300x225.jpg 300w, https:\/\/alfredopolti.ch\/wp-content\/uploads\/2022\/04\/3-768x576.jpg 768w, https:\/\/alfredopolti.ch\/wp-content\/uploads\/2022\/04\/3-1536x1152.jpg 1536w, https:\/\/alfredopolti.ch\/wp-content\/uploads\/2022\/04\/3-2048x1536.jpg 2048w, https:\/\/alfredopolti.ch\/wp-content\/uploads\/2022\/04\/3-600x450.jpg 600w, https:\/\/alfredopolti.ch\/wp-content\/uploads\/2022\/04\/3-scaled.jpg 1920w\" sizes=\"auto, (max-width: 1024px) 100vw, 1024px\" \/><\/a><\/figure>\n\n\n\n<figure class=\"wp-block-image size-large is-style-default\"><a href=\"https:\/\/alfredopolti.ch\/wp-content\/uploads\/2022\/04\/4-scaled.jpg\"><img loading=\"lazy\" decoding=\"async\" width=\"1024\" height=\"768\" data-id=\"12475\" src=\"https:\/\/alfredopolti.ch\/wp-content\/uploads\/2022\/04\/4-1024x768.jpg\" alt=\"\" class=\"wp-image-12475\" srcset=\"https:\/\/alfredopolti.ch\/wp-content\/uploads\/2022\/04\/4-1024x768.jpg 1024w, https:\/\/alfredopolti.ch\/wp-content\/uploads\/2022\/04\/4-300x225.jpg 300w, https:\/\/alfredopolti.ch\/wp-content\/uploads\/2022\/04\/4-768x576.jpg 768w, https:\/\/alfredopolti.ch\/wp-content\/uploads\/2022\/04\/4-1536x1152.jpg 1536w, https:\/\/alfredopolti.ch\/wp-content\/uploads\/2022\/04\/4-2048x1536.jpg 2048w, https:\/\/alfredopolti.ch\/wp-content\/uploads\/2022\/04\/4-600x450.jpg 600w, https:\/\/alfredopolti.ch\/wp-content\/uploads\/2022\/04\/4-scaled.jpg 1920w\" sizes=\"auto, (max-width: 1024px) 100vw, 1024px\" \/><\/a><\/figure>\n\n\n\n<figure class=\"wp-block-image size-large is-style-default\"><a href=\"https:\/\/alfredopolti.ch\/wp-content\/uploads\/2022\/04\/5.jpeg\"><img loading=\"lazy\" decoding=\"async\" width=\"1024\" height=\"768\" data-id=\"12460\" src=\"https:\/\/alfredopolti.ch\/wp-content\/uploads\/2022\/04\/5-1024x768.jpeg\" alt=\"\" class=\"wp-image-12460\" srcset=\"https:\/\/alfredopolti.ch\/wp-content\/uploads\/2022\/04\/5-1024x768.jpeg 1024w, https:\/\/alfredopolti.ch\/wp-content\/uploads\/2022\/04\/5-300x225.jpeg 300w, https:\/\/alfredopolti.ch\/wp-content\/uploads\/2022\/04\/5-768x576.jpeg 768w, https:\/\/alfredopolti.ch\/wp-content\/uploads\/2022\/04\/5-1536x1152.jpeg 1536w, https:\/\/alfredopolti.ch\/wp-content\/uploads\/2022\/04\/5-600x450.jpeg 600w, https:\/\/alfredopolti.ch\/wp-content\/uploads\/2022\/04\/5.jpeg 2048w\" sizes=\"auto, (max-width: 1024px) 100vw, 1024px\" \/><\/a><\/figure>\n\n\n\n<figure class=\"wp-block-image size-large is-style-default\"><a href=\"https:\/\/alfredopolti.ch\/wp-content\/uploads\/2022\/04\/6.jpeg\"><img loading=\"lazy\" decoding=\"async\" width=\"1024\" height=\"768\" data-id=\"12457\" src=\"https:\/\/alfredopolti.ch\/wp-content\/uploads\/2022\/04\/6-1024x768.jpeg\" alt=\"\" class=\"wp-image-12457\" srcset=\"https:\/\/alfredopolti.ch\/wp-content\/uploads\/2022\/04\/6-1024x768.jpeg 1024w, https:\/\/alfredopolti.ch\/wp-content\/uploads\/2022\/04\/6-300x225.jpeg 300w, https:\/\/alfredopolti.ch\/wp-content\/uploads\/2022\/04\/6-768x576.jpeg 768w, https:\/\/alfredopolti.ch\/wp-content\/uploads\/2022\/04\/6-1536x1152.jpeg 1536w, https:\/\/alfredopolti.ch\/wp-content\/uploads\/2022\/04\/6-600x450.jpeg 600w, https:\/\/alfredopolti.ch\/wp-content\/uploads\/2022\/04\/6.jpeg 2048w\" sizes=\"auto, (max-width: 1024px) 100vw, 1024px\" \/><\/a><\/figure>\n\n\n\n<figure class=\"wp-block-image size-large is-style-default\"><a href=\"https:\/\/alfredopolti.ch\/wp-content\/uploads\/2022\/04\/7-scaled.jpg\"><img loading=\"lazy\" decoding=\"async\" width=\"768\" height=\"1024\" data-id=\"12472\" src=\"https:\/\/alfredopolti.ch\/wp-content\/uploads\/2022\/04\/7-768x1024.jpg\" alt=\"\" class=\"wp-image-12472\" srcset=\"https:\/\/alfredopolti.ch\/wp-content\/uploads\/2022\/04\/7-768x1024.jpg 768w, https:\/\/alfredopolti.ch\/wp-content\/uploads\/2022\/04\/7-225x300.jpg 225w, https:\/\/alfredopolti.ch\/wp-content\/uploads\/2022\/04\/7-1152x1536.jpg 1152w, https:\/\/alfredopolti.ch\/wp-content\/uploads\/2022\/04\/7-1536x2048.jpg 1536w, https:\/\/alfredopolti.ch\/wp-content\/uploads\/2022\/04\/7-600x800.jpg 600w\" sizes=\"auto, (max-width: 768px) 100vw, 768px\" \/><\/a><\/figure>\n\n\n\n<figure class=\"wp-block-image size-large is-style-default\"><a href=\"https:\/\/alfredopolti.ch\/wp-content\/uploads\/2022\/04\/8-scaled.jpg\"><img loading=\"lazy\" decoding=\"async\" width=\"768\" height=\"1024\" data-id=\"12481\" src=\"https:\/\/alfredopolti.ch\/wp-content\/uploads\/2022\/04\/8-768x1024.jpg\" alt=\"\" class=\"wp-image-12481\" srcset=\"https:\/\/alfredopolti.ch\/wp-content\/uploads\/2022\/04\/8-768x1024.jpg 768w, https:\/\/alfredopolti.ch\/wp-content\/uploads\/2022\/04\/8-225x300.jpg 225w, https:\/\/alfredopolti.ch\/wp-content\/uploads\/2022\/04\/8-1152x1536.jpg 1152w, https:\/\/alfredopolti.ch\/wp-content\/uploads\/2022\/04\/8-1536x2048.jpg 1536w, https:\/\/alfredopolti.ch\/wp-content\/uploads\/2022\/04\/8-600x800.jpg 600w\" sizes=\"auto, (max-width: 768px) 100vw, 768px\" \/><\/a><\/figure>\n\n\n\n<figure class=\"wp-block-image size-large is-style-default\"><a href=\"https:\/\/alfredopolti.ch\/wp-content\/uploads\/2022\/04\/9-scaled.jpg\"><img loading=\"lazy\" decoding=\"async\" width=\"768\" height=\"1024\" data-id=\"12466\" src=\"https:\/\/alfredopolti.ch\/wp-content\/uploads\/2022\/04\/9-768x1024.jpg\" alt=\"\" class=\"wp-image-12466\" srcset=\"https:\/\/alfredopolti.ch\/wp-content\/uploads\/2022\/04\/9-768x1024.jpg 768w, https:\/\/alfredopolti.ch\/wp-content\/uploads\/2022\/04\/9-225x300.jpg 225w, https:\/\/alfredopolti.ch\/wp-content\/uploads\/2022\/04\/9-1152x1536.jpg 1152w, https:\/\/alfredopolti.ch\/wp-content\/uploads\/2022\/04\/9-1536x2048.jpg 1536w, https:\/\/alfredopolti.ch\/wp-content\/uploads\/2022\/04\/9-600x800.jpg 600w\" sizes=\"auto, (max-width: 768px) 100vw, 768px\" \/><\/a><\/figure>\n\n\n\n<figure class=\"wp-block-image size-large is-style-default\"><a href=\"https:\/\/alfredopolti.ch\/wp-content\/uploads\/2022\/04\/10-scaled.jpg\"><img loading=\"lazy\" decoding=\"async\" width=\"768\" height=\"1024\" data-id=\"12487\" src=\"https:\/\/alfredopolti.ch\/wp-content\/uploads\/2022\/04\/10-768x1024.jpg\" alt=\"\" class=\"wp-image-12487\" srcset=\"https:\/\/alfredopolti.ch\/wp-content\/uploads\/2022\/04\/10-768x1024.jpg 768w, https:\/\/alfredopolti.ch\/wp-content\/uploads\/2022\/04\/10-225x300.jpg 225w, https:\/\/alfredopolti.ch\/wp-content\/uploads\/2022\/04\/10-1152x1536.jpg 1152w, https:\/\/alfredopolti.ch\/wp-content\/uploads\/2022\/04\/10-1536x2048.jpg 1536w, https:\/\/alfredopolti.ch\/wp-content\/uploads\/2022\/04\/10-600x800.jpg 600w\" sizes=\"auto, (max-width: 768px) 100vw, 768px\" \/><\/a><\/figure>\n\n\n\n<figure class=\"wp-block-image size-large is-style-default\"><a href=\"https:\/\/alfredopolti.ch\/wp-content\/uploads\/2022\/04\/11-scaled.jpg\"><img loading=\"lazy\" decoding=\"async\" width=\"768\" height=\"1024\" data-id=\"12489\" src=\"https:\/\/alfredopolti.ch\/wp-content\/uploads\/2022\/04\/11-768x1024.jpg\" alt=\"\" class=\"wp-image-12489\" srcset=\"https:\/\/alfredopolti.ch\/wp-content\/uploads\/2022\/04\/11-768x1024.jpg 768w, https:\/\/alfredopolti.ch\/wp-content\/uploads\/2022\/04\/11-225x300.jpg 225w, https:\/\/alfredopolti.ch\/wp-content\/uploads\/2022\/04\/11-1152x1536.jpg 1152w, https:\/\/alfredopolti.ch\/wp-content\/uploads\/2022\/04\/11-1536x2048.jpg 1536w, https:\/\/alfredopolti.ch\/wp-content\/uploads\/2022\/04\/11-600x800.jpg 600w\" sizes=\"auto, (max-width: 768px) 100vw, 768px\" \/><\/a><\/figure>\n\n\n\n<figure class=\"wp-block-image size-medium is-style-default\"><a href=\"https:\/\/alfredopolti.ch\/wp-content\/uploads\/2022\/04\/IMG-20220307-WA0006-1.jpg\"><img loading=\"lazy\" decoding=\"async\" width=\"269\" height=\"300\" data-id=\"12527\" src=\"https:\/\/alfredopolti.ch\/wp-content\/uploads\/2022\/05\/IMG-20220307-WA0006-1-edited-269x300.jpg\" alt=\"\" class=\"wp-image-12527\" srcset=\"https:\/\/alfredopolti.ch\/wp-content\/uploads\/2022\/05\/IMG-20220307-WA0006-1-edited-269x300.jpg 269w, https:\/\/alfredopolti.ch\/wp-content\/uploads\/2022\/05\/IMG-20220307-WA0006-1-edited-920x1024.jpg 920w, https:\/\/alfredopolti.ch\/wp-content\/uploads\/2022\/05\/IMG-20220307-WA0006-1-edited-768x855.jpg 768w, https:\/\/alfredopolti.ch\/wp-content\/uploads\/2022\/05\/IMG-20220307-WA0006-1-edited-1380x1536.jpg 1380w, https:\/\/alfredopolti.ch\/wp-content\/uploads\/2022\/05\/IMG-20220307-WA0006-1-edited-600x668.jpg 600w, https:\/\/alfredopolti.ch\/wp-content\/uploads\/2022\/05\/IMG-20220307-WA0006-1-edited.jpg 1404w\" sizes=\"auto, (max-width: 269px) 100vw, 269px\" \/><\/a><\/figure>\n<\/figure>\n\n\n\n<div style=\"height:100px\" aria-hidden=\"true\" class=\"wp-block-spacer\"><\/div>\n","protected":false},"excerpt":{"rendered":"<p>ELLIPSENF\u00d6RMIGER BRUNNEN Bearbeitung: Aussenfl\u00e4chen fein gestockt, Aush\u00f6hlung geschliffen, mit Sockel Auftraggeber: Raiffeisenbank Cham-Steinhausen, CH-6330 Cham Landschaftsarchitekt: Benedikt St\u00e4hli<\/p>\n","protected":false},"author":1,"featured_media":0,"parent":0,"menu_order":0,"comment_status":"closed","ping_status":"closed","template":"","meta":{"_acf_changed":false,"footnotes":""},"class_list":["post-12924","page","type-page","status-publish","hentry"],"acf":[],"_links":{"self":[{"href":"https:\/\/alfredopolti.ch\/it\/wp-json\/wp\/v2\/pages\/12924","targetHints":{"allow":["GET"]}}],"collection":[{"href":"https:\/\/alfredopolti.ch\/it\/wp-json\/wp\/v2\/pages"}],"about":[{"href":"https:\/\/alfredopolti.ch\/it\/wp-json\/wp\/v2\/types\/page"}],"author":[{"embeddable":true,"href":"https:\/\/alfredopolti.ch\/it\/wp-json\/wp\/v2\/users\/1"}],"replies":[{"embeddable":true,"href":"https:\/\/alfredopolti.ch\/it\/wp-json\/wp\/v2\/comments?post=12924"}],"version-history":[{"count":0,"href":"https:\/\/alfredopolti.ch\/it\/wp-json\/wp\/v2\/pages\/12924\/revisions"}],"wp:attachment":[{"href":"https:\/\/alfredopolti.ch\/it\/wp-json\/wp\/v2\/media?parent=12924"}],"curies":[{"name":"wp","href":"https:\/\/api.w.org\/{rel}","templated":true}]}}