{"id":12925,"date":"2022-11-22T12:54:18","date_gmt":"2022-11-22T12:54:18","guid":{"rendered":"https:\/\/alfredopolti-cyon.local\/?page_id=12925"},"modified":"2022-11-22T12:54:19","modified_gmt":"2022-11-22T12:54:19","slug":"friedhof-st-katharinen-stadt-solothurn","status":"publish","type":"page","link":"https:\/\/alfredopolti.ch\/it\/friedhof-st-katharinen-stadt-solothurn\/","title":{"rendered":"FRIEDHOF ST. KATHARINEN, STADT SOLOTHURN"},"content":{"rendered":"\n<div style=\"height:100px\" aria-hidden=\"true\" class=\"wp-block-spacer\"><\/div>\n\n\n\n<h2 class=\"wp-block-heading\">N\u00c4MENSTR\u00c4GER<\/h2>\n\n\n\n<ul class=\"wp-block-list\"><li>Bearbeitung: Im Radius produziert, Oberfl\u00e4che schr\u00e4g geschnitten, alle Sichtfl\u00e4chen gestrahlt<\/li><\/ul>\n\n\n\n<ul class=\"wp-block-list\"><li>Auftraggeber: Stadt Solothurn<\/li><\/ul>\n\n\n\n<div style=\"height:100px\" aria-hidden=\"true\" class=\"wp-block-spacer\"><\/div>\n\n\n\n<figure class=\"wp-block-gallery has-nested-images columns-4 is-cropped wp-block-gallery-1 is-layout-flex wp-block-gallery-is-layout-flex\">\n<figure class=\"wp-block-image size-large is-style-default\"><a href=\"https:\/\/alfredopolti.ch\/wp-content\/uploads\/2022\/07\/IMG-20220323-WA0004.jpg\"><img loading=\"lazy\" decoding=\"async\" width=\"768\" height=\"1024\" data-id=\"12620\" src=\"https:\/\/alfredopolti.ch\/wp-content\/uploads\/2022\/07\/IMG-20220323-WA0004-768x1024.jpg\" alt=\"\" class=\"wp-image-12620\" srcset=\"https:\/\/alfredopolti.ch\/wp-content\/uploads\/2022\/07\/IMG-20220323-WA0004-768x1024.jpg 768w, https:\/\/alfredopolti.ch\/wp-content\/uploads\/2022\/07\/IMG-20220323-WA0004-225x300.jpg 225w, https:\/\/alfredopolti.ch\/wp-content\/uploads\/2022\/07\/IMG-20220323-WA0004-1152x1536.jpg 1152w, https:\/\/alfredopolti.ch\/wp-content\/uploads\/2022\/07\/IMG-20220323-WA0004-600x800.jpg 600w, https:\/\/alfredopolti.ch\/wp-content\/uploads\/2022\/07\/IMG-20220323-WA0004.jpg 1536w\" sizes=\"auto, (max-width: 768px) 100vw, 768px\" \/><\/a><\/figure>\n\n\n\n<figure class=\"wp-block-image size-large is-style-default\"><a href=\"https:\/\/alfredopolti.ch\/wp-content\/uploads\/2022\/07\/IMG-20220323-WA0005.jpg\"><img loading=\"lazy\" decoding=\"async\" width=\"1024\" height=\"768\" data-id=\"12623\" src=\"https:\/\/alfredopolti.ch\/wp-content\/uploads\/2022\/07\/IMG-20220323-WA0005-1024x768.jpg\" alt=\"\" class=\"wp-image-12623\" srcset=\"https:\/\/alfredopolti.ch\/wp-content\/uploads\/2022\/07\/IMG-20220323-WA0005-1024x768.jpg 1024w, https:\/\/alfredopolti.ch\/wp-content\/uploads\/2022\/07\/IMG-20220323-WA0005-300x225.jpg 300w, https:\/\/alfredopolti.ch\/wp-content\/uploads\/2022\/07\/IMG-20220323-WA0005-768x576.jpg 768w, https:\/\/alfredopolti.ch\/wp-content\/uploads\/2022\/07\/IMG-20220323-WA0005-1536x1152.jpg 1536w, https:\/\/alfredopolti.ch\/wp-content\/uploads\/2022\/07\/IMG-20220323-WA0005-600x450.jpg 600w, https:\/\/alfredopolti.ch\/wp-content\/uploads\/2022\/07\/IMG-20220323-WA0005.jpg 2048w\" sizes=\"auto, (max-width: 1024px) 100vw, 1024px\" \/><\/a><\/figure>\n\n\n\n<figure class=\"wp-block-image size-large is-style-default\"><a href=\"https:\/\/alfredopolti.ch\/wp-content\/uploads\/2022\/07\/IMG-20220323-WA0006.jpg\"><img loading=\"lazy\" decoding=\"async\" width=\"1024\" height=\"768\" data-id=\"12626\" src=\"https:\/\/alfredopolti.ch\/wp-content\/uploads\/2022\/07\/IMG-20220323-WA0006-1024x768.jpg\" alt=\"\" class=\"wp-image-12626\" srcset=\"https:\/\/alfredopolti.ch\/wp-content\/uploads\/2022\/07\/IMG-20220323-WA0006-1024x768.jpg 1024w, https:\/\/alfredopolti.ch\/wp-content\/uploads\/2022\/07\/IMG-20220323-WA0006-300x225.jpg 300w, https:\/\/alfredopolti.ch\/wp-content\/uploads\/2022\/07\/IMG-20220323-WA0006-768x576.jpg 768w, https:\/\/alfredopolti.ch\/wp-content\/uploads\/2022\/07\/IMG-20220323-WA0006-1536x1152.jpg 1536w, https:\/\/alfredopolti.ch\/wp-content\/uploads\/2022\/07\/IMG-20220323-WA0006-600x450.jpg 600w, https:\/\/alfredopolti.ch\/wp-content\/uploads\/2022\/07\/IMG-20220323-WA0006.jpg 2048w\" sizes=\"auto, (max-width: 1024px) 100vw, 1024px\" \/><\/a><\/figure>\n\n\n\n<figure class=\"wp-block-image size-large is-style-default\"><a href=\"https:\/\/alfredopolti.ch\/wp-content\/uploads\/2022\/07\/IMG-20220323-WA0010.jpg\"><img loading=\"lazy\" decoding=\"async\" width=\"768\" height=\"1024\" data-id=\"12629\" src=\"https:\/\/alfredopolti.ch\/wp-content\/uploads\/2022\/07\/IMG-20220323-WA0010-768x1024.jpg\" alt=\"\" class=\"wp-image-12629\" srcset=\"https:\/\/alfredopolti.ch\/wp-content\/uploads\/2022\/07\/IMG-20220323-WA0010-768x1024.jpg 768w, https:\/\/alfredopolti.ch\/wp-content\/uploads\/2022\/07\/IMG-20220323-WA0010-225x300.jpg 225w, https:\/\/alfredopolti.ch\/wp-content\/uploads\/2022\/07\/IMG-20220323-WA0010-1152x1536.jpg 1152w, https:\/\/alfredopolti.ch\/wp-content\/uploads\/2022\/07\/IMG-20220323-WA0010-600x800.jpg 600w, https:\/\/alfredopolti.ch\/wp-content\/uploads\/2022\/07\/IMG-20220323-WA0010.jpg 1536w\" sizes=\"auto, (max-width: 768px) 100vw, 768px\" \/><\/a><\/figure>\n\n\n\n<figure class=\"wp-block-image size-large is-style-default\"><a href=\"https:\/\/alfredopolti.ch\/wp-content\/uploads\/2022\/07\/20220331_112537-scaled.jpg\"><img loading=\"lazy\" decoding=\"async\" width=\"768\" height=\"1024\" data-id=\"12632\" src=\"https:\/\/alfredopolti.ch\/wp-content\/uploads\/2022\/07\/20220331_112537-768x1024.jpg\" alt=\"\" class=\"wp-image-12632\" srcset=\"https:\/\/alfredopolti.ch\/wp-content\/uploads\/2022\/07\/20220331_112537-768x1024.jpg 768w, https:\/\/alfredopolti.ch\/wp-content\/uploads\/2022\/07\/20220331_112537-225x300.jpg 225w, https:\/\/alfredopolti.ch\/wp-content\/uploads\/2022\/07\/20220331_112537-1152x1536.jpg 1152w, https:\/\/alfredopolti.ch\/wp-content\/uploads\/2022\/07\/20220331_112537-1536x2048.jpg 1536w, https:\/\/alfredopolti.ch\/wp-content\/uploads\/2022\/07\/20220331_112537-600x800.jpg 600w, https:\/\/alfredopolti.ch\/wp-content\/uploads\/2022\/07\/20220331_112537-scaled.jpg 1920w\" sizes=\"auto, (max-width: 768px) 100vw, 768px\" \/><\/a><\/figure>\n\n\n\n<figure class=\"wp-block-image size-large is-style-default\"><a href=\"https:\/\/alfredopolti.ch\/wp-content\/uploads\/2022\/07\/20220331_112553-scaled.jpg\"><img loading=\"lazy\" decoding=\"async\" width=\"1024\" height=\"768\" data-id=\"12635\" src=\"https:\/\/alfredopolti.ch\/wp-content\/uploads\/2022\/07\/20220331_112553-1024x768.jpg\" alt=\"\" class=\"wp-image-12635\" srcset=\"https:\/\/alfredopolti.ch\/wp-content\/uploads\/2022\/07\/20220331_112553-1024x768.jpg 1024w, https:\/\/alfredopolti.ch\/wp-content\/uploads\/2022\/07\/20220331_112553-300x225.jpg 300w, https:\/\/alfredopolti.ch\/wp-content\/uploads\/2022\/07\/20220331_112553-768x576.jpg 768w, https:\/\/alfredopolti.ch\/wp-content\/uploads\/2022\/07\/20220331_112553-1536x1152.jpg 1536w, https:\/\/alfredopolti.ch\/wp-content\/uploads\/2022\/07\/20220331_112553-2048x1536.jpg 2048w, https:\/\/alfredopolti.ch\/wp-content\/uploads\/2022\/07\/20220331_112553-600x450.jpg 600w\" sizes=\"auto, (max-width: 1024px) 100vw, 1024px\" \/><\/a><\/figure>\n\n\n\n<figure class=\"wp-block-image size-large is-style-default\"><a href=\"https:\/\/alfredopolti.ch\/wp-content\/uploads\/2022\/07\/20220331_112602-scaled.jpg\"><img loading=\"lazy\" decoding=\"async\" width=\"768\" height=\"1024\" data-id=\"12638\" src=\"https:\/\/alfredopolti.ch\/wp-content\/uploads\/2022\/07\/20220331_112602-768x1024.jpg\" alt=\"\" class=\"wp-image-12638\" srcset=\"https:\/\/alfredopolti.ch\/wp-content\/uploads\/2022\/07\/20220331_112602-768x1024.jpg 768w, https:\/\/alfredopolti.ch\/wp-content\/uploads\/2022\/07\/20220331_112602-225x300.jpg 225w, https:\/\/alfredopolti.ch\/wp-content\/uploads\/2022\/07\/20220331_112602-1152x1536.jpg 1152w, https:\/\/alfredopolti.ch\/wp-content\/uploads\/2022\/07\/20220331_112602-1536x2048.jpg 1536w, https:\/\/alfredopolti.ch\/wp-content\/uploads\/2022\/07\/20220331_112602-600x800.jpg 600w, https:\/\/alfredopolti.ch\/wp-content\/uploads\/2022\/07\/20220331_112602-scaled.jpg 1920w\" sizes=\"auto, (max-width: 768px) 100vw, 768px\" \/><\/a><\/figure>\n\n\n\n<figure class=\"wp-block-image size-large is-style-default\"><a href=\"https:\/\/alfredopolti.ch\/wp-content\/uploads\/2022\/07\/20220512_160917.jpg\"><img loading=\"lazy\" decoding=\"async\" width=\"1024\" height=\"768\" data-id=\"12641\" src=\"https:\/\/alfredopolti.ch\/wp-content\/uploads\/2022\/07\/20220512_160917-1024x768.jpg\" alt=\"\" class=\"wp-image-12641\" srcset=\"https:\/\/alfredopolti.ch\/wp-content\/uploads\/2022\/07\/20220512_160917-1024x768.jpg 1024w, https:\/\/alfredopolti.ch\/wp-content\/uploads\/2022\/07\/20220512_160917-300x225.jpg 300w, https:\/\/alfredopolti.ch\/wp-content\/uploads\/2022\/07\/20220512_160917-768x576.jpg 768w, https:\/\/alfredopolti.ch\/wp-content\/uploads\/2022\/07\/20220512_160917-1536x1152.jpg 1536w, https:\/\/alfredopolti.ch\/wp-content\/uploads\/2022\/07\/20220512_160917-2048x1536.jpg 2048w, https:\/\/alfredopolti.ch\/wp-content\/uploads\/2022\/07\/20220512_160917-600x450.jpg 600w\" sizes=\"auto, (max-width: 1024px) 100vw, 1024px\" \/><\/a><\/figure>\n\n\n\n<figure class=\"wp-block-image size-large is-style-default\"><a href=\"https:\/\/alfredopolti.ch\/wp-content\/uploads\/2022\/07\/20220512_160740.jpg\"><img loading=\"lazy\" decoding=\"async\" width=\"1024\" height=\"768\" data-id=\"12644\" src=\"https:\/\/alfredopolti.ch\/wp-content\/uploads\/2022\/07\/20220512_160740-1024x768.jpg\" alt=\"\" class=\"wp-image-12644\" srcset=\"https:\/\/alfredopolti.ch\/wp-content\/uploads\/2022\/07\/20220512_160740-1024x768.jpg 1024w, https:\/\/alfredopolti.ch\/wp-content\/uploads\/2022\/07\/20220512_160740-300x225.jpg 300w, https:\/\/alfredopolti.ch\/wp-content\/uploads\/2022\/07\/20220512_160740-768x576.jpg 768w, https:\/\/alfredopolti.ch\/wp-content\/uploads\/2022\/07\/20220512_160740-1536x1152.jpg 1536w, https:\/\/alfredopolti.ch\/wp-content\/uploads\/2022\/07\/20220512_160740-2048x1536.jpg 2048w, https:\/\/alfredopolti.ch\/wp-content\/uploads\/2022\/07\/20220512_160740-600x450.jpg 600w\" sizes=\"auto, (max-width: 1024px) 100vw, 1024px\" \/><\/a><\/figure>\n\n\n\n<figure class=\"wp-block-image size-large is-style-default\"><a href=\"https:\/\/alfredopolti.ch\/wp-content\/uploads\/2022\/07\/20220607_082329.jpg\"><img loading=\"lazy\" decoding=\"async\" width=\"1024\" height=\"768\" data-id=\"12657\" src=\"https:\/\/alfredopolti.ch\/wp-content\/uploads\/2022\/07\/20220607_082329-1024x768.jpg\" alt=\"\" class=\"wp-image-12657\" srcset=\"https:\/\/alfredopolti.ch\/wp-content\/uploads\/2022\/07\/20220607_082329-1024x768.jpg 1024w, https:\/\/alfredopolti.ch\/wp-content\/uploads\/2022\/07\/20220607_082329-300x225.jpg 300w, https:\/\/alfredopolti.ch\/wp-content\/uploads\/2022\/07\/20220607_082329-768x576.jpg 768w, https:\/\/alfredopolti.ch\/wp-content\/uploads\/2022\/07\/20220607_082329-1536x1152.jpg 1536w, https:\/\/alfredopolti.ch\/wp-content\/uploads\/2022\/07\/20220607_082329-2048x1536.jpg 2048w, https:\/\/alfredopolti.ch\/wp-content\/uploads\/2022\/07\/20220607_082329-600x450.jpg 600w\" sizes=\"auto, (max-width: 1024px) 100vw, 1024px\" \/><\/a><\/figure>\n\n\n\n<figure class=\"wp-block-image size-large is-style-default\"><a href=\"https:\/\/alfredopolti.ch\/wp-content\/uploads\/2022\/07\/20220607_082412.jpg\"><img loading=\"lazy\" decoding=\"async\" width=\"1024\" height=\"768\" data-id=\"12650\" src=\"https:\/\/alfredopolti.ch\/wp-content\/uploads\/2022\/07\/20220607_082412-1024x768.jpg\" alt=\"\" class=\"wp-image-12650\" srcset=\"https:\/\/alfredopolti.ch\/wp-content\/uploads\/2022\/07\/20220607_082412-1024x768.jpg 1024w, https:\/\/alfredopolti.ch\/wp-content\/uploads\/2022\/07\/20220607_082412-300x225.jpg 300w, https:\/\/alfredopolti.ch\/wp-content\/uploads\/2022\/07\/20220607_082412-768x576.jpg 768w, https:\/\/alfredopolti.ch\/wp-content\/uploads\/2022\/07\/20220607_082412-1536x1152.jpg 1536w, https:\/\/alfredopolti.ch\/wp-content\/uploads\/2022\/07\/20220607_082412-2048x1536.jpg 2048w, https:\/\/alfredopolti.ch\/wp-content\/uploads\/2022\/07\/20220607_082412-600x450.jpg 600w\" sizes=\"auto, (max-width: 1024px) 100vw, 1024px\" \/><\/a><\/figure>\n\n\n\n<figure class=\"wp-block-image size-large is-style-default\"><a href=\"https:\/\/alfredopolti.ch\/wp-content\/uploads\/2022\/07\/20220607_082352.jpg\"><img loading=\"lazy\" decoding=\"async\" width=\"1024\" height=\"768\" data-id=\"12653\" src=\"https:\/\/alfredopolti.ch\/wp-content\/uploads\/2022\/07\/20220607_082352-1024x768.jpg\" alt=\"\" class=\"wp-image-12653\" srcset=\"https:\/\/alfredopolti.ch\/wp-content\/uploads\/2022\/07\/20220607_082352-1024x768.jpg 1024w, https:\/\/alfredopolti.ch\/wp-content\/uploads\/2022\/07\/20220607_082352-300x225.jpg 300w, https:\/\/alfredopolti.ch\/wp-content\/uploads\/2022\/07\/20220607_082352-768x576.jpg 768w, https:\/\/alfredopolti.ch\/wp-content\/uploads\/2022\/07\/20220607_082352-1536x1152.jpg 1536w, https:\/\/alfredopolti.ch\/wp-content\/uploads\/2022\/07\/20220607_082352-2048x1536.jpg 2048w, https:\/\/alfredopolti.ch\/wp-content\/uploads\/2022\/07\/20220607_082352-600x450.jpg 600w\" sizes=\"auto, (max-width: 1024px) 100vw, 1024px\" \/><\/a><\/figure>\n<\/figure>\n\n\n\n<div style=\"height:100px\" aria-hidden=\"true\" class=\"wp-block-spacer\"><\/div>\n","protected":false},"excerpt":{"rendered":"<p>N\u00c4MENSTR\u00c4GER Bearbeitung: Im Radius produziert, Oberfl\u00e4che schr\u00e4g geschnitten, alle Sichtfl\u00e4chen gestrahlt Auftraggeber: Stadt Solothurn<\/p>\n","protected":false},"author":1,"featured_media":0,"parent":0,"menu_order":0,"comment_status":"closed","ping_status":"closed","template":"","meta":{"_acf_changed":false,"footnotes":""},"class_list":["post-12925","page","type-page","status-publish","hentry"],"acf":[],"_links":{"self":[{"href":"https:\/\/alfredopolti.ch\/it\/wp-json\/wp\/v2\/pages\/12925","targetHints":{"allow":["GET"]}}],"collection":[{"href":"https:\/\/alfredopolti.ch\/it\/wp-json\/wp\/v2\/pages"}],"about":[{"href":"https:\/\/alfredopolti.ch\/it\/wp-json\/wp\/v2\/types\/page"}],"author":[{"embeddable":true,"href":"https:\/\/alfredopolti.ch\/it\/wp-json\/wp\/v2\/users\/1"}],"replies":[{"embeddable":true,"href":"https:\/\/alfredopolti.ch\/it\/wp-json\/wp\/v2\/comments?post=12925"}],"version-history":[{"count":0,"href":"https:\/\/alfredopolti.ch\/it\/wp-json\/wp\/v2\/pages\/12925\/revisions"}],"wp:attachment":[{"href":"https:\/\/alfredopolti.ch\/it\/wp-json\/wp\/v2\/media?parent=12925"}],"curies":[{"name":"wp","href":"https:\/\/api.w.org\/{rel}","templated":true}]}}